{"id":705,"date":"2025-09-15T17:46:00","date_gmt":"2025-09-15T15:46:00","guid":{"rendered":"https:\/\/duke2.unixstorm.eu\/produkt\/jacques-marie-mage-grandfunk-sahara\/"},"modified":"2026-03-05T18:46:55","modified_gmt":"2026-03-05T17:46:55","slug":"jacques-marie-mage-grandfunk-sahara","status":"publish","type":"product","link":"https:\/\/dukeeyewear.co.uk\/en\/product\/jacques-marie-mage-grandfunk-sahara\/","title":{"rendered":"Jacques Marie Mage GRANDFUNK | SAHARA"},"content":{"rendered":"<p><strong data-start=\"1012\" data-end=\"1025\">For whom?<\/strong><br data-start=\"1025\" data-end=\"1028\" \/><strong data-start=\"1028\" data-end=\"1070\">Jacques Marie Mage Grandfunk in Sahara<\/strong> to model dla tych, kt\u00f3rzy lubi\u0105 przyci\u0105ga\u0107 uwag\u0119 i \u017cyj\u0105 z pasj\u0105.<\/p>\n<p>Stylowy ho\u0142d dla wolno\u015bci, muzyki i artystycznego ducha lat 70. \u2013 odwa\u017cny, charyzmatyczny i absolutnie wyj\u0105tkowy.<\/p>","protected":false},"excerpt":{"rendered":"<h3 data-start=\"142\" data-end=\"192\">Jacques Marie Mage - <strong data-start=\"167\" data-end=\"190\">Grandfunk in Sahara<\/strong><\/h3>\n<p data-start=\"194\" data-end=\"532\"><strong data-start=\"194\" data-end=\"221\">The funky energy of the 1970s.<\/strong><br data-start=\"221\" data-end=\"224\" \/>Model <strong data-start=\"230\" data-end=\"253\">Grandfunk in Sahara<\/strong> is a true style statement - hexagonal sunglasses with a wide fit, inspired by the aesthetics of the 1970s.Handmade in Italy in a limited edition <strong data-start=\"427\" data-end=\"446\">200 copies<\/strong>, are a combination of bold form, artistic spirit and masterful craftsmanship.<\/p>\n<p data-start=\"534\" data-end=\"555\"><strong data-start=\"534\" data-end=\"553\">Detail and design<\/strong><\/p>\n<ul data-start=\"556\" data-end=\"1010\">\n<li data-start=\"556\" data-end=\"646\">\n<p data-start=\"558\" data-end=\"646\">Frame: brown, 9-millimetre shade-cured cellulose acetate <strong data-start=\"634\" data-end=\"644\">Sahara<\/strong><\/p>\n<\/li>\n<li data-start=\"647\" data-end=\"738\">\n<p data-start=\"649\" data-end=\"738\">Eyebrows: with classic core <em data-start=\"682\" data-end=\"703\">Cantilever wirecore<\/em>, engraved in detail <em data-start=\"726\" data-end=\"736\">hairline<\/em><\/p>\n<\/li>\n<li data-start=\"739\" data-end=\"808\">\n<p data-start=\"741\" data-end=\"808\">Hinges: sturdy, seven-bar design - a guarantee of durability and comfort<\/p>\n<\/li>\n<li data-start=\"809\" data-end=\"888\">\n<p data-start=\"811\" data-end=\"888\">Earpiece ends: fitted with eyelets to attach a chain or ornament<\/p>\n<\/li>\n<li data-start=\"889\" data-end=\"943\">\n<p data-start=\"891\" data-end=\"943\">Lenses: gradient brown with full UV protection<\/p>\n<\/li>\n<li data-start=\"944\" data-end=\"1010\">\n<p data-start=\"946\" data-end=\"1010\">Limited edition: <strong data-start=\"965\" data-end=\"978\">200 pieces<\/strong>, handmade in Italy<\/p>\n<\/li>\n<\/ul>","protected":false},"featured_media":1851,"template":"","meta":{"_acf_changed":false},"product_brand":[82],"product_cat":[32,30],"product_tag":[123],"model":[384],"class_list":{"0":"post-705","1":"product","2":"type-product","3":"status-publish","4":"has-post-thumbnail","6":"product_brand-jacques-marie-mage","7":"product_cat-damskie","8":"product_cat-okulary-przeciwsloneczne","9":"product_tag-jmmgf13p","10":"model-grandfunk","12":"first","13":"instock","14":"shipping-taxable","15":"purchasable","16":"product-type-simple"},"acf":[],"aioseo_notices":[],"_links":{"self":[{"href":"https:\/\/dukeeyewear.co.uk\/en\/wp-json\/wp\/v2\/product\/705","targetHints":{"allow":["GET"]}}],"collection":[{"href":"https:\/\/dukeeyewear.co.uk\/en\/wp-json\/wp\/v2\/product"}],"about":[{"href":"https:\/\/dukeeyewear.co.uk\/en\/wp-json\/wp\/v2\/types\/product"}],"version-history":[{"count":1,"href":"https:\/\/dukeeyewear.co.uk\/en\/wp-json\/wp\/v2\/product\/705\/revisions"}],"predecessor-version":[{"id":4495,"href":"https:\/\/dukeeyewear.co.uk\/en\/wp-json\/wp\/v2\/product\/705\/revisions\/4495"}],"wp:featuredmedia":[{"embeddable":true,"href":"https:\/\/dukeeyewear.co.uk\/en\/wp-json\/wp\/v2\/media\/1851"}],"wp:attachment":[{"href":"https:\/\/dukeeyewear.co.uk\/en\/wp-json\/wp\/v2\/media?parent=705"}],"wp:term":[{"taxonomy":"product_brand","embeddable":true,"href":"https:\/\/dukeeyewear.co.uk\/en\/wp-json\/wp\/v2\/product_brand?post=705"},{"taxonomy":"product_cat","embeddable":true,"href":"https:\/\/dukeeyewear.co.uk\/en\/wp-json\/wp\/v2\/product_cat?post=705"},{"taxonomy":"product_tag","embeddable":true,"href":"https:\/\/dukeeyewear.co.uk\/en\/wp-json\/wp\/v2\/product_tag?post=705"},{"taxonomy":"model","embeddable":true,"href":"https:\/\/dukeeyewear.co.uk\/en\/wp-json\/wp\/v2\/model?post=705"}],"curies":[{"name":"wp","href":"https:\/\/api.w.org\/{rel}","templated":true}]}}