{"id":681,"date":"2025-09-15T17:37:30","date_gmt":"2025-09-15T15:37:30","guid":{"rendered":"https:\/\/duke2.unixstorm.eu\/produkt\/jacques-marie-mage-selini-lavender\/"},"modified":"2026-03-05T18:46:55","modified_gmt":"2026-03-05T17:46:55","slug":"jacques-marie-mage-selini-lavender","status":"publish","type":"product","link":"https:\/\/dukeeyewear.co.uk\/en\/product\/jacques-marie-mage-selini-lavender\/","title":{"rendered":"Jacques Marie Mage SELINI | LAVENDER"},"content":{"rendered":"<p><strong data-start=\"1003\" data-end=\"1016\">For whom?<\/strong><br data-start=\"1016\" data-end=\"1019\" \/><strong data-start=\"1019\" data-end=\"1056\">Jacques Marie Mage Selini \/ Lavender<\/strong>\u00a0to model dla os\u00f3b, kt\u00f3re pragn\u0105 po\u0142\u0105czy\u0107 odwag\u0119 z wyrafinowaniem.<\/p>\n<p>Inspirowane mitologicznym blaskiem ksi\u0119\u017cyca, te okulary s\u0105 ho\u0142dem dla kobiet, kt\u00f3re nie pod\u0105\u017caj\u0105 za mod\u0105 \u2013 lecz sami j\u0105 definiuj\u0105.<\/p>\n<p>Limitowana seria 100 sztuk na ca\u0142ym \u015bwiecie.<\/p>","protected":false},"excerpt":{"rendered":"<h3 data-start=\"105\" data-end=\"150\">Jacques Marie Mage - <strong data-start=\"130\" data-end=\"148\">Selini \/ Lavender<\/strong><\/h3>\n<p data-start=\"151\" data-end=\"196\"><strong data-start=\"151\" data-end=\"194\">Evangelie Smyrniotaki by JMM Collection<\/strong><\/p>\n<p data-start=\"198\" data-end=\"520\"><strong data-start=\"198\" data-end=\"230\">A divine balance of style and strength<\/strong><br data-start=\"230\" data-end=\"233\" \/>Model <strong data-start=\"239\" data-end=\"249\">Selini<\/strong> is a limited edition - only 1<strong data-start=\"281\" data-end=\"300\">00 copies<\/strong> all over the world. Inspired by the aesthetics of the 1980s, the glasses type <em data-start=\"361\" data-end=\"372\">navigator<\/em> They exude elegance and strength. It is a setting where glamour meets grace, and a subtle, monochrome design takes on an almost sculptural form.<\/p>\n<p data-start=\"522\" data-end=\"543\"><strong data-start=\"522\" data-end=\"541\">Detail and design<\/strong><\/p>\n<ul data-start=\"544\" data-end=\"1001\">\n<li data-start=\"544\" data-end=\"611\">\n<p data-start=\"546\" data-end=\"611\">Frame: lavender, 7 mm thick in hardened cellulose acetate<\/p>\n<\/li>\n<li data-start=\"612\" data-end=\"700\">\n<p data-start=\"614\" data-end=\"700\">Bridge and hinges: silver-coloured elements - elegance in its purest form<\/p>\n<\/li>\n<li data-start=\"701\" data-end=\"784\">\n<p data-start=\"703\" data-end=\"784\">Lenses: black, with fine gradient and anti-reflective coating on the inside<\/p>\n<\/li>\n<li data-start=\"785\" data-end=\"844\">\n<p data-start=\"787\" data-end=\"844\">Hinges: 7-bar, reinforced, with silver mounting<\/p>\n<\/li>\n<li data-start=\"845\" data-end=\"916\">\n<p data-start=\"847\" data-end=\"916\">Top bar: silver, subtly integrated into the line of the frame<\/p>\n<\/li>\n<li data-start=\"917\" data-end=\"1001\">\n<p data-start=\"919\" data-end=\"1001\">Handmade in Italy - a guarantee of perfection and the highest level of craftsmanship<\/p>\n<\/li>\n<\/ul>","protected":false},"featured_media":678,"template":"","meta":{"_acf_changed":false},"product_brand":[82],"product_cat":[32,30],"product_tag":[120],"model":[],"class_list":{"0":"post-681","1":"product","2":"type-product","3":"status-publish","4":"has-post-thumbnail","6":"product_brand-jacques-marie-mage","7":"product_cat-damskie","8":"product_cat-okulary-przeciwsloneczne","9":"product_tag-jmmsel10m","11":"first","12":"instock","13":"shipping-taxable","14":"purchasable","15":"product-type-simple"},"acf":[],"aioseo_notices":[],"_links":{"self":[{"href":"https:\/\/dukeeyewear.co.uk\/en\/wp-json\/wp\/v2\/product\/681","targetHints":{"allow":["GET"]}}],"collection":[{"href":"https:\/\/dukeeyewear.co.uk\/en\/wp-json\/wp\/v2\/product"}],"about":[{"href":"https:\/\/dukeeyewear.co.uk\/en\/wp-json\/wp\/v2\/types\/product"}],"version-history":[{"count":1,"href":"https:\/\/dukeeyewear.co.uk\/en\/wp-json\/wp\/v2\/product\/681\/revisions"}],"predecessor-version":[{"id":4492,"href":"https:\/\/dukeeyewear.co.uk\/en\/wp-json\/wp\/v2\/product\/681\/revisions\/4492"}],"wp:featuredmedia":[{"embeddable":true,"href":"https:\/\/dukeeyewear.co.uk\/en\/wp-json\/wp\/v2\/media\/678"}],"wp:attachment":[{"href":"https:\/\/dukeeyewear.co.uk\/en\/wp-json\/wp\/v2\/media?parent=681"}],"wp:term":[{"taxonomy":"product_brand","embeddable":true,"href":"https:\/\/dukeeyewear.co.uk\/en\/wp-json\/wp\/v2\/product_brand?post=681"},{"taxonomy":"product_cat","embeddable":true,"href":"https:\/\/dukeeyewear.co.uk\/en\/wp-json\/wp\/v2\/product_cat?post=681"},{"taxonomy":"product_tag","embeddable":true,"href":"https:\/\/dukeeyewear.co.uk\/en\/wp-json\/wp\/v2\/product_tag?post=681"},{"taxonomy":"model","embeddable":true,"href":"https:\/\/dukeeyewear.co.uk\/en\/wp-json\/wp\/v2\/model?post=681"}],"curies":[{"name":"wp","href":"https:\/\/api.w.org\/{rel}","templated":true}]}}