{"id":652,"date":"2025-09-15T17:27:38","date_gmt":"2025-09-15T15:27:38","guid":{"rendered":"https:\/\/duke2.unixstorm.eu\/produkt\/jacques-marie-mage-earl-cia\/"},"modified":"2026-03-05T18:46:55","modified_gmt":"2026-03-05T17:46:55","slug":"jacques-marie-mage-earl-cia","status":"publish","type":"product","link":"https:\/\/dukeeyewear.co.uk\/en\/product\/jacques-marie-mage-earl-cia\/","title":{"rendered":"Jacques Marie Mage EARL | CIA"},"content":{"rendered":"<ul>\n<li>Lenses with internal anti-reflective coating<\/li>\n<li>UV protection 100%<\/li>\n<li>Handmade in Japan<\/li>\n<li>Dimensions: 56-17-143<\/li>\n<li>Limited edition of 500 pieces worldwide.<\/li>\n<\/ul>","protected":false},"excerpt":{"rendered":"<p>Soczewki z wewn\u0119trzn\u0105 pow\u0142ok\u0105 antyrefleksyjn\u0105 Ochrona UV 100% R\u0119czna produkcja w Japonii Wymiary: 56-17-143 Limitowana seria 500 sztuk na ca\u0142ym \u015bwiecie.<\/p>","protected":false},"featured_media":649,"template":"","meta":{"_acf_changed":false},"product_brand":[82],"product_cat":[32,37,30,35],"product_tag":[114],"model":[378],"class_list":{"0":"post-652","1":"product","2":"type-product","3":"status-publish","4":"has-post-thumbnail","6":"product_brand-jacques-marie-mage","7":"product_cat-damskie","8":"product_cat-meskie","9":"product_cat-okulary-przeciwsloneczne","10":"product_cat-unisex","11":"product_tag-jmmerc7","12":"model-earl","14":"first","15":"instock","16":"shipping-taxable","17":"purchasable","18":"product-type-simple"},"acf":[],"aioseo_notices":[],"_links":{"self":[{"href":"https:\/\/dukeeyewear.co.uk\/en\/wp-json\/wp\/v2\/product\/652","targetHints":{"allow":["GET"]}}],"collection":[{"href":"https:\/\/dukeeyewear.co.uk\/en\/wp-json\/wp\/v2\/product"}],"about":[{"href":"https:\/\/dukeeyewear.co.uk\/en\/wp-json\/wp\/v2\/types\/product"}],"version-history":[{"count":1,"href":"https:\/\/dukeeyewear.co.uk\/en\/wp-json\/wp\/v2\/product\/652\/revisions"}],"predecessor-version":[{"id":4485,"href":"https:\/\/dukeeyewear.co.uk\/en\/wp-json\/wp\/v2\/product\/652\/revisions\/4485"}],"wp:featuredmedia":[{"embeddable":true,"href":"https:\/\/dukeeyewear.co.uk\/en\/wp-json\/wp\/v2\/media\/649"}],"wp:attachment":[{"href":"https:\/\/dukeeyewear.co.uk\/en\/wp-json\/wp\/v2\/media?parent=652"}],"wp:term":[{"taxonomy":"product_brand","embeddable":true,"href":"https:\/\/dukeeyewear.co.uk\/en\/wp-json\/wp\/v2\/product_brand?post=652"},{"taxonomy":"product_cat","embeddable":true,"href":"https:\/\/dukeeyewear.co.uk\/en\/wp-json\/wp\/v2\/product_cat?post=652"},{"taxonomy":"product_tag","embeddable":true,"href":"https:\/\/dukeeyewear.co.uk\/en\/wp-json\/wp\/v2\/product_tag?post=652"},{"taxonomy":"model","embeddable":true,"href":"https:\/\/dukeeyewear.co.uk\/en\/wp-json\/wp\/v2\/model?post=652"}],"curies":[{"name":"wp","href":"https:\/\/api.w.org\/{rel}","templated":true}]}}