{"id":644,"date":"2025-09-15T17:27:01","date_gmt":"2025-09-15T15:27:01","guid":{"rendered":"https:\/\/duke2.unixstorm.eu\/produkt\/jacques-marie-mage-cleavon-57-eclipse-2\/"},"modified":"2026-03-05T18:46:55","modified_gmt":"2026-03-05T17:46:55","slug":"jacques-marie-mage-cleavon-57-eclipse-2","status":"publish","type":"product","link":"https:\/\/dukeeyewear.co.uk\/en\/product\/jacques-marie-mage-cleavon-57-eclipse-2\/","title":{"rendered":"Jacques Marie Mage CLEAVON 57 | ECLIPSE 2"},"content":{"rendered":"<p><strong data-start=\"1143\" data-end=\"1156\">For whom?<\/strong><br data-start=\"1156\" data-end=\"1159\" \/><strong data-start=\"1159\" data-end=\"1205\">Jacques Marie Mage Cleavon 57 in Eclipse 2<\/strong> to oprawa dla ludzi wolnych duchem \u2013 mi\u0142o\u015bnik\u00f3w klasyki z nut\u0105 adrenaliny i designu, kt\u00f3ry wyr\u00f3\u017cnia si\u0119 w t\u0142umie.<\/p>\n<p>Styl, kt\u00f3ry nie tylko przyci\u0105ga spojrzenia, ale opowiada histori\u0119 o odwadze i pasji.<\/p>","protected":false},"excerpt":{"rendered":"<h3 data-start=\"168\" data-end=\"222\">Jacques Marie Mage - <strong data-start=\"193\" data-end=\"220\">Cleavon 57 in Eclipse 2<\/strong><\/h3>\n<p data-start=\"224\" data-end=\"654\"><strong data-start=\"224\" data-end=\"252\">Tribute to the heroes of the road<\/strong><br data-start=\"252\" data-end=\"255\" \/>Model <strong data-start=\"261\" data-end=\"288\">Cleavon 57 in Eclipse 2<\/strong> is a reinterpretation of early 1980s style, inspired by courage, speed and freedom. These glasses, with their expressive, sculptural form and delicate wraparound effect (<em data-start=\"454\" data-end=\"472\">soft wrap-around<\/em>) combine sporty energy with elegant craftsmanship. Limited edition <strong data-start=\"538\" data-end=\"557\">400 copies<\/strong> is a tribute to individualists who always look ahead - boldly, with character.<\/p>\n<p data-start=\"656\" data-end=\"677\"><strong data-start=\"656\" data-end=\"675\">Detail and design<\/strong><\/p>\n<ul data-start=\"678\" data-end=\"1141\">\n<li data-start=\"678\" data-end=\"745\">\n<p data-start=\"680\" data-end=\"745\">Frame: black, 8 mm thick, in hardened cellulose acetate<\/p>\n<\/li>\n<li data-start=\"746\" data-end=\"841\">\n<p data-start=\"748\" data-end=\"841\">Frame: double-laminated acetate with precious silver metal details<\/p>\n<\/li>\n<li data-start=\"842\" data-end=\"946\">\n<p data-start=\"844\" data-end=\"946\">Shape: inspired by the aesthetics of the early 1980s, with clear volumes and a soft fit line<\/p>\n<\/li>\n<li data-start=\"947\" data-end=\"1037\">\n<p data-start=\"949\" data-end=\"1037\">Lenses: red, with full UV protection - adding modernity and boldness to the look<\/p>\n<\/li>\n<li data-start=\"1038\" data-end=\"1141\">\n<p data-start=\"1040\" data-end=\"1141\">Limited edition: <strong data-start=\"1059\" data-end=\"1072\">400 pieces<\/strong>, each pair handmade with attention to perfect finish<\/p>\n<\/li>\n<\/ul>","protected":false},"featured_media":641,"template":"","meta":{"_acf_changed":false},"product_brand":[82],"product_cat":[32,37,30,35],"product_tag":[112],"model":[370],"class_list":{"0":"post-644","1":"product","2":"type-product","3":"status-publish","4":"has-post-thumbnail","6":"product_brand-jacques-marie-mage","7":"product_cat-damskie","8":"product_cat-meskie","9":"product_cat-okulary-przeciwsloneczne","10":"product_cat-unisex","11":"product_tag-jmmvnx11d","12":"model-cleavon","14":"first","15":"instock","16":"shipping-taxable","17":"purchasable","18":"product-type-simple"},"acf":[],"aioseo_notices":[],"_links":{"self":[{"href":"https:\/\/dukeeyewear.co.uk\/en\/wp-json\/wp\/v2\/product\/644","targetHints":{"allow":["GET"]}}],"collection":[{"href":"https:\/\/dukeeyewear.co.uk\/en\/wp-json\/wp\/v2\/product"}],"about":[{"href":"https:\/\/dukeeyewear.co.uk\/en\/wp-json\/wp\/v2\/types\/product"}],"version-history":[{"count":1,"href":"https:\/\/dukeeyewear.co.uk\/en\/wp-json\/wp\/v2\/product\/644\/revisions"}],"predecessor-version":[{"id":4483,"href":"https:\/\/dukeeyewear.co.uk\/en\/wp-json\/wp\/v2\/product\/644\/revisions\/4483"}],"wp:featuredmedia":[{"embeddable":true,"href":"https:\/\/dukeeyewear.co.uk\/en\/wp-json\/wp\/v2\/media\/641"}],"wp:attachment":[{"href":"https:\/\/dukeeyewear.co.uk\/en\/wp-json\/wp\/v2\/media?parent=644"}],"wp:term":[{"taxonomy":"product_brand","embeddable":true,"href":"https:\/\/dukeeyewear.co.uk\/en\/wp-json\/wp\/v2\/product_brand?post=644"},{"taxonomy":"product_cat","embeddable":true,"href":"https:\/\/dukeeyewear.co.uk\/en\/wp-json\/wp\/v2\/product_cat?post=644"},{"taxonomy":"product_tag","embeddable":true,"href":"https:\/\/dukeeyewear.co.uk\/en\/wp-json\/wp\/v2\/product_tag?post=644"},{"taxonomy":"model","embeddable":true,"href":"https:\/\/dukeeyewear.co.uk\/en\/wp-json\/wp\/v2\/model?post=644"}],"curies":[{"name":"wp","href":"https:\/\/api.w.org\/{rel}","templated":true}]}}