{"id":5132,"date":"2026-04-04T08:07:24","date_gmt":"2026-04-04T06:07:24","guid":{"rendered":"https:\/\/dukeeyewear.co.uk\/?post_type=product&#038;p=5132"},"modified":"2026-04-04T08:07:34","modified_gmt":"2026-04-04T06:07:34","slug":"jacques-marie-mage-commodore-silver","status":"publish","type":"product","link":"https:\/\/dukeeyewear.co.uk\/en\/product\/jacques-marie-mage-commodore-silver\/","title":{"rendered":"Jacques Marie Mage COMMODORE | SILVER"},"content":{"rendered":"<p><strong data-start=\"541\" data-end=\"554\"><span class=\"BZ_Pyq_fadeIn\">Dla <\/span><span class=\"BZ_Pyq_fadeIn\">kogo?<\/span><\/strong><br data-start=\"554\" data-end=\"557\" \/><span class=\"BZ_Pyq_fadeIn\">Dla <\/span><span class=\"BZ_Pyq_fadeIn\">people, <\/span><span class=\"BZ_Pyq_fadeIn\">which <\/span><span class=\"BZ_Pyq_fadeIn\">seek <\/span><span class=\"BZ_Pyq_fadeIn\">expressive, <\/span><span class=\"BZ_Pyq_fadeIn\">luxury <\/span><span class=\"BZ_Pyq_fadeIn\">opraw <\/span><span class=\"BZ_Pyq_fadeIn\">o <\/span><span class=\"BZ_Pyq_fadeIn\">retro <\/span><span class=\"BZ_Pyq_fadeIn\">charakterze. <\/span><span class=\"BZ_Pyq_fadeIn\">Model <\/span><span class=\"BZ_Pyq_fadeIn\">COMMODORE <\/span><span class=\"BZ_Pyq_fadeIn\">Silver <\/span><span class=\"BZ_Pyq_fadeIn\">will check <\/span><span class=\"BZ_Pyq_fadeIn\">get <\/span><span class=\"BZ_Pyq_fadeIn\">u <\/span><span class=\"BZ_Pyq_fadeIn\">customers <\/span><span class=\"BZ_Pyq_fadeIn\">those who appreciate <\/span><span class=\"BZ_Pyq_fadeIn\">geometryczne <\/span><span class=\"BZ_Pyq_fadeIn\">formy, <\/span><span class=\"BZ_Pyq_fadeIn\">precyzyjne <\/span><span class=\"BZ_Pyq_fadeIn\">execution <\/span><span class=\"BZ_Pyq_fadeIn\">i <\/span><span class=\"BZ_Pyq_fadeIn\">unikalny, <\/span><span class=\"BZ_Pyq_fadeIn\">kolekcjonerski <\/span><span class=\"BZ_Pyq_fadeIn\">design.<\/span><\/p>","protected":false},"excerpt":{"rendered":"<p data-start=\"69\" data-end=\"417\"><strong data-start=\"69\" data-end=\"108\"><span class=\"BZ_Pyq_fadeIn\">Jacques <\/span><span class=\"BZ_Pyq_fadeIn\">Marie <\/span><span class=\"BZ_Pyq_fadeIn\">Mage <\/span><span class=\"BZ_Pyq_fadeIn\">COMMODORE <\/span><span class=\"BZ_Pyq_fadeIn\">Silver<\/span><\/strong> <span class=\"BZ_Pyq_fadeIn\">it's <\/span><span class=\"BZ_Pyq_fadeIn\">limited <\/span><span class=\"BZ_Pyq_fadeIn\">model <\/span><span class=\"BZ_Pyq_fadeIn\">inspired by <\/span><span class=\"BZ_Pyq_fadeIn\">aesthetics <\/span><span class=\"BZ_Pyq_fadeIn\">years <\/span><span class=\"BZ_Pyq_fadeIn\">70., <\/span><span class=\"BZ_Pyq_fadeIn\">\u0142\u0105cz\u0105cy <\/span><span class=\"BZ_Pyq_fadeIn\">prostok\u0105tn\u0105 <\/span><span class=\"BZ_Pyq_fadeIn\">form <\/span><span class=\"BZ_Pyq_fadeIn\">z <\/span><span class=\"BZ_Pyq_fadeIn\">techniczn\u0105 <\/span><span class=\"BZ_Pyq_fadeIn\">precyzj\u0105 <\/span><span class=\"BZ_Pyq_fadeIn\">i <\/span><span class=\"BZ_Pyq_fadeIn\">luxury <\/span><span class=\"BZ_Pyq_fadeIn\">wyko\u0144czeniem. <\/span><span class=\"BZ_Pyq_fadeIn\">Binding <\/span><span class=\"BZ_Pyq_fadeIn\">zosta\u0142a <\/span><span class=\"BZ_Pyq_fadeIn\">by hand <\/span><span class=\"BZ_Pyq_fadeIn\">wykonana <\/span><span class=\"BZ_Pyq_fadeIn\">w <\/span><span class=\"BZ_Pyq_fadeIn\">Japan <\/span><span class=\"BZ_Pyq_fadeIn\">z <\/span><strong data-start=\"278\" data-end=\"298\"><span class=\"BZ_Pyq_fadeIn\">100% <\/span><span class=\"BZ_Pyq_fadeIn\">beta <\/span><span class=\"BZ_Pyq_fadeIn\">titanium<\/span><\/strong> <span class=\"BZ_Pyq_fadeIn\">i <\/span><span class=\"BZ_Pyq_fadeIn\">highlights <\/span><span class=\"BZ_Pyq_fadeIn\">get <\/span><strong data-start=\"314\" data-end=\"336\"><span class=\"BZ_Pyq_fadeIn\">podw\u00f3jnym <\/span><span class=\"BZ_Pyq_fadeIn\">mostkiem<\/span><\/strong><span class=\"BZ_Pyq_fadeIn\">, <\/span><span class=\"BZ_Pyq_fadeIn\">dekoracyjnym <\/span><span class=\"BZ_Pyq_fadeIn\">profilem <\/span><span class=\"BZ_Pyq_fadeIn\">and <\/span><span class=\"BZ_Pyq_fadeIn\">efektownymi, <\/span><span class=\"BZ_Pyq_fadeIn\">ciemnoz\u0142otymi <\/span><span class=\"BZ_Pyq_fadeIn\">insertami <\/span><span class=\"BZ_Pyq_fadeIn\">wok\u00f3\u0142 <\/span><span class=\"BZ_Pyq_fadeIn\">soczewek.<\/span><\/p>\n<p data-start=\"419\" data-end=\"602\"><span class=\"BZ_Pyq_fadeIn\">Model <\/span><span class=\"BZ_Pyq_fadeIn\">wyposa\u017cono <\/span><span class=\"BZ_Pyq_fadeIn\">w <\/span><strong data-start=\"438\" data-end=\"470\"><span class=\"BZ_Pyq_fadeIn\">zielone <\/span><span class=\"BZ_Pyq_fadeIn\">lenses <\/span><span class=\"BZ_Pyq_fadeIn\">gradient<\/span><\/strong> <span class=\"BZ_Pyq_fadeIn\">z <\/span><span class=\"BZ_Pyq_fadeIn\">rear <\/span><span class=\"BZ_Pyq_fadeIn\">coating <\/span><span class=\"BZ_Pyq_fadeIn\">antyrefleksyjn\u0105. <\/span><span class=\"BZ_Pyq_fadeIn\">It's <\/span><span class=\"BZ_Pyq_fadeIn\">wyrazista <\/span><span class=\"BZ_Pyq_fadeIn\">proposal <\/span><span class=\"BZ_Pyq_fadeIn\">for <\/span><span class=\"BZ_Pyq_fadeIn\">people, <\/span><span class=\"BZ_Pyq_fadeIn\">which <\/span><span class=\"BZ_Pyq_fadeIn\">seek <\/span><span class=\"BZ_Pyq_fadeIn\">unikalnych <\/span><span class=\"BZ_Pyq_fadeIn\">eyeglasses <\/span><span class=\"BZ_Pyq_fadeIn\">o <\/span><span class=\"BZ_Pyq_fadeIn\">kolekcjonerskim <\/span><span class=\"BZ_Pyq_fadeIn\">charakterze.<\/span><\/p>\n<p data-start=\"604\" data-end=\"625\"><strong data-start=\"604\" data-end=\"625\"><span class=\"BZ_Pyq_fadeIn\">Details <\/span><span class=\"BZ_Pyq_fadeIn\">model:<\/span><\/strong><\/p>\n<ul data-start=\"626\" data-end=\"885\">\n<li data-section-id=\"1il8ro7\" data-start=\"626\" data-end=\"660\">\n<p data-start=\"628\" data-end=\"660\"><span class=\"BZ_Pyq_fadeIn\">limited <\/span><span class=\"BZ_Pyq_fadeIn\">edit: <\/span><strong data-start=\"647\" data-end=\"660\"><span class=\"BZ_Pyq_fadeIn\">500 <\/span><span class=\"BZ_Pyq_fadeIn\">pieces<\/span><\/strong><\/p>\n<\/li>\n<li data-section-id=\"1sa7wl7\" data-start=\"661\" data-end=\"689\">\n<p data-start=\"663\" data-end=\"689\"><span class=\"BZ_Pyq_fadeIn\">manual <\/span><span class=\"BZ_Pyq_fadeIn\">execution <\/span><span class=\"BZ_Pyq_fadeIn\">w <\/span><span class=\"BZ_Pyq_fadeIn\">Japan<\/span><\/p>\n<\/li>\n<li data-section-id=\"ul6h2l\" data-start=\"690\" data-end=\"721\">\n<p data-start=\"692\" data-end=\"721\"><span class=\"BZ_Pyq_fadeIn\">luminaire <\/span><span class=\"BZ_Pyq_fadeIn\">z <\/span><strong data-start=\"701\" data-end=\"721\"><span class=\"BZ_Pyq_fadeIn\">100% <\/span><span class=\"BZ_Pyq_fadeIn\">beta <\/span><span class=\"BZ_Pyq_fadeIn\">titanium<\/span><\/strong><\/p>\n<\/li>\n<li data-section-id=\"1ehj6h2\" data-start=\"722\" data-end=\"745\">\n<p data-start=\"724\" data-end=\"745\"><span class=\"BZ_Pyq_fadeIn\">colour <\/span><span class=\"BZ_Pyq_fadeIn\">luminaires: <\/span><span class=\"BZ_Pyq_fadeIn\">silver<\/span><\/p>\n<\/li>\n<li data-section-id=\"1d1xpoz\" data-start=\"746\" data-end=\"791\">\n<p data-start=\"748\" data-end=\"791\"><span class=\"BZ_Pyq_fadeIn\">ciemnoz\u0142ote <\/span><span class=\"BZ_Pyq_fadeIn\">inserty <\/span><span class=\"BZ_Pyq_fadeIn\">tytanowe <\/span><span class=\"BZ_Pyq_fadeIn\">wok\u00f3\u0142 <\/span><span class=\"BZ_Pyq_fadeIn\">soczewek<\/span><\/p>\n<\/li>\n<li data-section-id=\"1wwks37\" data-start=\"792\" data-end=\"848\">\n<p data-start=\"794\" data-end=\"848\"><span class=\"BZ_Pyq_fadeIn\">zielone <\/span><span class=\"BZ_Pyq_fadeIn\">lenses <\/span><span class=\"BZ_Pyq_fadeIn\">gradient <\/span><span class=\"BZ_Pyq_fadeIn\">z <\/span><span class=\"BZ_Pyq_fadeIn\">coating <\/span><span class=\"BZ_Pyq_fadeIn\">antyrefleksyjn\u0105<\/span><\/p>\n<\/li>\n<li data-section-id=\"1wb191j\" data-start=\"849\" data-end=\"885\">\n<p data-start=\"851\" data-end=\"885\"><span class=\"BZ_Pyq_fadeIn\">regulowane <\/span><span class=\"BZ_Pyq_fadeIn\">noski <\/span><span class=\"BZ_Pyq_fadeIn\">z <\/span><span class=\"BZ_Pyq_fadeIn\">logo <\/span><span class=\"BZ_Pyq_fadeIn\">i <\/span><span class=\"BZ_Pyq_fadeIn\">engraving<\/span><\/p>\n<\/li>\n<\/ul>","protected":false},"featured_media":5149,"template":"","meta":{"_acf_changed":false},"product_brand":[82],"product_cat":[37,30,35],"product_tag":[],"model":[],"class_list":{"0":"post-5132","1":"product","2":"type-product","3":"status-publish","4":"has-post-thumbnail","6":"product_brand-jacques-marie-mage","7":"product_cat-meskie","8":"product_cat-okulary-przeciwsloneczne","9":"product_cat-unisex","11":"first","12":"instock","13":"shipping-taxable","14":"purchasable","15":"product-type-simple"},"acf":[],"aioseo_notices":[],"_links":{"self":[{"href":"https:\/\/dukeeyewear.co.uk\/en\/wp-json\/wp\/v2\/product\/5132","targetHints":{"allow":["GET"]}}],"collection":[{"href":"https:\/\/dukeeyewear.co.uk\/en\/wp-json\/wp\/v2\/product"}],"about":[{"href":"https:\/\/dukeeyewear.co.uk\/en\/wp-json\/wp\/v2\/types\/product"}],"version-history":[{"count":1,"href":"https:\/\/dukeeyewear.co.uk\/en\/wp-json\/wp\/v2\/product\/5132\/revisions"}],"predecessor-version":[{"id":5150,"href":"https:\/\/dukeeyewear.co.uk\/en\/wp-json\/wp\/v2\/product\/5132\/revisions\/5150"}],"wp:featuredmedia":[{"embeddable":true,"href":"https:\/\/dukeeyewear.co.uk\/en\/wp-json\/wp\/v2\/media\/5149"}],"wp:attachment":[{"href":"https:\/\/dukeeyewear.co.uk\/en\/wp-json\/wp\/v2\/media?parent=5132"}],"wp:term":[{"taxonomy":"product_brand","embeddable":true,"href":"https:\/\/dukeeyewear.co.uk\/en\/wp-json\/wp\/v2\/product_brand?post=5132"},{"taxonomy":"product_cat","embeddable":true,"href":"https:\/\/dukeeyewear.co.uk\/en\/wp-json\/wp\/v2\/product_cat?post=5132"},{"taxonomy":"product_tag","embeddable":true,"href":"https:\/\/dukeeyewear.co.uk\/en\/wp-json\/wp\/v2\/product_tag?post=5132"},{"taxonomy":"model","embeddable":true,"href":"https:\/\/dukeeyewear.co.uk\/en\/wp-json\/wp\/v2\/model?post=5132"}],"curies":[{"name":"wp","href":"https:\/\/api.w.org\/{rel}","templated":true}]}}