{"id":4359,"date":"2025-10-21T20:11:57","date_gmt":"2025-10-21T18:11:57","guid":{"rendered":"https:\/\/www.diukoptyk.pl\/?post_type=product&#038;p=4359"},"modified":"2026-01-13T20:39:26","modified_gmt":"2026-01-13T19:39:26","slug":"salt-columbia-antique-gold-indigo-blue","status":"publish","type":"product","link":"https:\/\/dukeeyewear.co.uk\/en\/product\/salt-columbia-antique-gold-indigo-blue\/","title":{"rendered":"SALT. COLUMBIA | ANTIQUE GOLD\/ INDIGO BLUE"},"content":{"rendered":"<article class=\"text-token-text-primary w-full focus:outline-none [--shadow-height:45px] has-data-writing-block:pointer-events-none has-data-writing-block:-mt-(--shadow-height) has-data-writing-block:pt-(--shadow-height) [&amp;:has([data-writing-block])&gt;*]:pointer-events-auto [content-visibility:auto] supports-[content-visibility:auto]:[contain-intrinsic-size:auto_100lvh] scroll-mt-[calc(var(--header-height)+min(200px,max(70px,20svh)))]\" dir=\"auto\" tabindex=\"-1\" data-turn-id=\"request-690b6d5e-e848-832f-9892-1af17453ed35-2\" data-testid=\"conversation-turn-34\" data-scroll-anchor=\"true\" data-turn=\"assistant\">\n<div class=\"text-base my-auto mx-auto pb-10 [--thread-content-margin:--spacing(4)] thread-sm:[--thread-content-margin:--spacing(6)] thread-lg:[--thread-content-margin:--spacing(16)] px-(--thread-content-margin)\">\n<div class=\"[--thread-content-max-width:40rem] thread-lg:[--thread-content-max-width:48rem] mx-auto max-w-(--thread-content-max-width) flex-1 group\/turn-messages focus-visible:outline-hidden relative flex w-full min-w-0 flex-col agent-turn\" tabindex=\"-1\">\n<div class=\"flex max-w-full flex-col grow\">\n<div class=\"min-h-8 text-message relative flex w-full flex-col items-end gap-2 text-start break-words whitespace-normal [.text-message+&amp;]:mt-1\" dir=\"auto\" data-message-author-role=\"assistant\" data-message-id=\"affcf241-defa-4a16-869f-140c21faa84c\" data-message-model-slug=\"gpt-5-1\">\n<div class=\"flex w-full flex-col gap-1 empty:hidden first:pt-[1px]\">\n<div class=\"markdown prose dark:prose-invert w-full break-words light markdown-new-styling\">\n<p data-start=\"2286\" data-end=\"2446\" data-is-last-node=\"\" data-is-only-node=\"\"><strong data-start=\"2288\" data-end=\"2309\">SALT. Columbia 56<\/strong> \u2013 ikona aviatora w luksusowym, nowoczesnym wydaniu. Je\u015bli masz wybra\u0107 <strong data-start=\"2380\" data-end=\"2396\">jedn\u0105 jedyn\u0105<\/strong> par\u0119 okular\u00f3w przeciws\u0142onecznych \u2013 to w\u0142a\u015bnie t\u0119.<\/p>\n<\/div>\n<\/div>\n<\/div>\n<\/div>\n<\/div>\n<\/div>\n<\/article>\n","protected":false},"excerpt":{"rendered":"<h3 data-start=\"0\" data-end=\"29\"><strong data-start=\"4\" data-end=\"27\">SALT. - Columbia 56<\/strong><\/h3>\n<p data-start=\"30\" data-end=\"60\"><strong data-start=\"30\" data-end=\"60\">Handmade in Japan<\/strong><\/p>\n<p data-start=\"62\" data-end=\"449\">Model <strong data-start=\"68\" data-end=\"83\">Columbia 56<\/strong> is a contemporary take on the most iconic sunglasses shape in history - the classic <strong data-start=\"194\" data-end=\"214\">teardrop aviator<\/strong>, used for almost a century as a reliable eye protection tool. SALT. builds on this heritage by offering a combination of <strong data-start=\"339\" data-end=\"384\">lightness, durability and perfect optics<\/strong>, creating some of the most refined aviators on the market.<\/p>\n<p data-start=\"451\" data-end=\"909\">Made of <strong data-start=\"462\" data-end=\"500\">Japanese aerospace grade titanium<\/strong>, Columbia's goggles are extremely durable yet almost feather-light. A key element of the design is <strong data-start=\"620\" data-end=\"654\">1 mm acetate insert<\/strong>, which adds structure to the interior of the frame, strengthens the lenses and enables the combination of premium materials - including titanium with mineral glass. Insert also introduces <strong data-start=\"822\" data-end=\"853\">a second layer of colour<\/strong>, allowing for subtle or bold colour combinations.<\/p>\n<p data-start=\"911\" data-end=\"1090\">Inside the earcups and nose pads there is a <strong data-start=\"953\" data-end=\"978\">SALT organic design.<\/strong>, which not only emphasises the uniqueness of the model, but also increases the grip and stability of the frame on the face.<\/p>\n<p data-start=\"1092\" data-end=\"1336\">The model is equipped with <strong data-start=\"1116\" data-end=\"1157\">polarised lenses of optical class<\/strong> (Glass &amp; CR-39) with a set of SALT coatings..: <strong data-start=\"1200\" data-end=\"1245\">anti-reflective, hydrophobic and oleophobic coating<\/strong> - providing excellent protection against glare, water, dirt and harmful light.<\/p>\n<p data-start=\"1338\" data-end=\"1486\">These are glasses for people who want to have <strong data-start=\"1375\" data-end=\"1406\">one perfect pair for years<\/strong> - whether for everyday use, travelling, driving or film sets.<\/p>\n<hr data-start=\"1488\" data-end=\"1491\" \/>\n<p data-start=\"1493\" data-end=\"1520\"><strong data-start=\"1493\" data-end=\"1518\">Technical details:<\/strong><\/p>\n<ul data-start=\"1521\" data-end=\"1973\">\n<li data-start=\"1521\" data-end=\"1563\">\n<p data-start=\"1523\" data-end=\"1563\">Dimensions: 56 [] 16 - 142 | B: 45 ED: 57<\/p>\n<\/li>\n<li data-start=\"1564\" data-end=\"1627\">\n<p data-start=\"1566\" data-end=\"1627\">Material: <strong data-start=\"1576\" data-end=\"1601\">Aircraft-grade titanium<\/strong> + 1 mm acetate insert<\/p>\n<\/li>\n<li data-start=\"1628\" data-end=\"1696\">\n<p data-start=\"1630\" data-end=\"1696\">Colour scheme: possibilities for subtle and contrasting colour variations<\/p>\n<\/li>\n<li data-start=\"1697\" data-end=\"1758\">\n<p data-start=\"1699\" data-end=\"1758\">Lenses: Polarised <strong data-start=\"1722\" data-end=\"1739\">Glass &amp; CR-39<\/strong>, optical class<\/p>\n<\/li>\n<li data-start=\"1759\" data-end=\"1812\">\n<p data-start=\"1761\" data-end=\"1812\">Coatings: Anti-reflective, hydrophobic, oleophobic<\/p>\n<\/li>\n<li data-start=\"1813\" data-end=\"1973\">\n<p data-start=\"1815\" data-end=\"1824\">Details:<\/p>\n<ul data-start=\"1827\" data-end=\"1973\">\n<li data-start=\"1827\" data-end=\"1876\">\n<p data-start=\"1829\" data-end=\"1876\">Organic SALT pattern. on the noses and tips<\/p>\n<\/li>\n<li data-start=\"1879\" data-end=\"1934\">\n<p data-start=\"1881\" data-end=\"1934\">Reinforced construction thanks to acetate insert<\/p>\n<\/li>\n<li data-start=\"1937\" data-end=\"1973\">\n<p data-start=\"1939\" data-end=\"1973\">Lightweight, robust, ergonomic<\/p>\n<\/li>\n<\/ul>\n<\/li>\n<\/ul>\n<hr data-start=\"1975\" data-end=\"1978\" \/>\n<p data-start=\"1980\" data-end=\"2279\"><strong data-start=\"1980\" data-end=\"1999\">Why SALT.<\/strong><br data-start=\"1999\" data-end=\"2002\" \/>SALT. Optics combines <strong data-start=\"2021\" data-end=\"2045\">Californian design<\/strong> z <strong data-start=\"2048\" data-end=\"2072\">Japanese craftsmanship<\/strong>, using premium materials and precision techniques to create fixtures that are <strong data-start=\"2159\" data-end=\"2203\">durable, comfortable and optically flawless<\/strong>. The brand does not skimp on components - every component is designed to serve perfection.<\/p>","protected":false},"featured_media":4364,"template":"","meta":{"_acf_changed":false},"product_brand":[343],"product_cat":[32,37,30],"product_tag":[],"model":[],"class_list":{"0":"post-4359","1":"product","2":"type-product","3":"status-publish","4":"has-post-thumbnail","6":"product_brand-salt","7":"product_cat-damskie","8":"product_cat-meskie","9":"product_cat-okulary-przeciwsloneczne","11":"first","12":"instock","13":"shipping-taxable","14":"purchasable","15":"product-type-simple"},"acf":[],"aioseo_notices":[],"_links":{"self":[{"href":"https:\/\/dukeeyewear.co.uk\/en\/wp-json\/wp\/v2\/product\/4359","targetHints":{"allow":["GET"]}}],"collection":[{"href":"https:\/\/dukeeyewear.co.uk\/en\/wp-json\/wp\/v2\/product"}],"about":[{"href":"https:\/\/dukeeyewear.co.uk\/en\/wp-json\/wp\/v2\/types\/product"}],"version-history":[{"count":1,"href":"https:\/\/dukeeyewear.co.uk\/en\/wp-json\/wp\/v2\/product\/4359\/revisions"}],"predecessor-version":[{"id":4365,"href":"https:\/\/dukeeyewear.co.uk\/en\/wp-json\/wp\/v2\/product\/4359\/revisions\/4365"}],"wp:featuredmedia":[{"embeddable":true,"href":"https:\/\/dukeeyewear.co.uk\/en\/wp-json\/wp\/v2\/media\/4364"}],"wp:attachment":[{"href":"https:\/\/dukeeyewear.co.uk\/en\/wp-json\/wp\/v2\/media?parent=4359"}],"wp:term":[{"taxonomy":"product_brand","embeddable":true,"href":"https:\/\/dukeeyewear.co.uk\/en\/wp-json\/wp\/v2\/product_brand?post=4359"},{"taxonomy":"product_cat","embeddable":true,"href":"https:\/\/dukeeyewear.co.uk\/en\/wp-json\/wp\/v2\/product_cat?post=4359"},{"taxonomy":"product_tag","embeddable":true,"href":"https:\/\/dukeeyewear.co.uk\/en\/wp-json\/wp\/v2\/product_tag?post=4359"},{"taxonomy":"model","embeddable":true,"href":"https:\/\/dukeeyewear.co.uk\/en\/wp-json\/wp\/v2\/model?post=4359"}],"curies":[{"name":"wp","href":"https:\/\/api.w.org\/{rel}","templated":true}]}}