{"id":4353,"date":"2025-10-21T20:07:21","date_gmt":"2025-10-21T18:07:21","guid":{"rendered":"https:\/\/www.diukoptyk.pl\/?post_type=product&#038;p=4353"},"modified":"2026-01-13T20:39:26","modified_gmt":"2026-01-13T19:39:26","slug":"salt-reiner-matte-mauve-mist","status":"publish","type":"product","link":"https:\/\/dukeeyewear.co.uk\/en\/product\/salt-reiner-matte-mauve-mist\/","title":{"rendered":"SALT. REINER | Matte Mauve Mist"},"content":{"rendered":"<article class=\"text-token-text-primary w-full focus:outline-none [--shadow-height:45px] has-data-writing-block:pointer-events-none has-data-writing-block:-mt-(--shadow-height) has-data-writing-block:pt-(--shadow-height) [&amp;:has([data-writing-block])&gt;*]:pointer-events-auto [content-visibility:auto] supports-[content-visibility:auto]:[contain-intrinsic-size:auto_100lvh] scroll-mt-[calc(var(--header-height)+min(200px,max(70px,20svh)))]\" dir=\"auto\" tabindex=\"-1\" data-turn-id=\"request-690b6d5e-e848-832f-9892-1af17453ed35-1\" data-testid=\"conversation-turn-32\" data-scroll-anchor=\"true\" data-turn=\"assistant\">\n<div class=\"text-base my-auto mx-auto pb-10 [--thread-content-margin:--spacing(4)] thread-sm:[--thread-content-margin:--spacing(6)] thread-lg:[--thread-content-margin:--spacing(16)] px-(--thread-content-margin)\">\n<div class=\"[--thread-content-max-width:40rem] thread-lg:[--thread-content-max-width:48rem] mx-auto max-w-(--thread-content-max-width) flex-1 group\/turn-messages focus-visible:outline-hidden relative flex w-full min-w-0 flex-col agent-turn\" tabindex=\"-1\">\n<div class=\"flex max-w-full flex-col grow\">\n<div class=\"min-h-8 text-message relative flex w-full flex-col items-end gap-2 text-start break-words whitespace-normal [.text-message+&amp;]:mt-1\" dir=\"auto\" data-message-author-role=\"assistant\" data-message-id=\"31b7fc41-4a91-4623-9bc8-e4f15864daf9\" data-message-model-slug=\"gpt-5-1\">\n<div class=\"flex w-full flex-col gap-1 empty:hidden first:pt-[1px]\">\n<div class=\"markdown prose dark:prose-invert w-full break-words light markdown-new-styling\">\n<p data-start=\"1854\" data-end=\"2025\" data-is-last-node=\"\" data-is-only-node=\"\"><strong data-start=\"1856\" data-end=\"1872\">SALT. Reiner<\/strong> \u2013 klasyczne okulary przeciws\u0142oneczne w minimalistycznym wydaniu, stworzone dla os\u00f3b, kt\u00f3re ceni\u0105 <strong data-start=\"1970\" data-end=\"2024\">czyst\u0105 form\u0119, trwa\u0142o\u015b\u0107 i najwy\u017csz\u0105 jako\u015b\u0107 widzenia<\/strong>.<\/p>\n<\/div>\n<\/div>\n<\/div>\n<\/div>\n<\/div>\n<\/div>\n<\/article>\n","protected":false},"excerpt":{"rendered":"<h3 data-start=\"0\" data-end=\"24\"><strong data-start=\"4\" data-end=\"22\">SALT. - Reiner<\/strong><\/h3>\n<p data-start=\"25\" data-end=\"55\"><strong data-start=\"25\" data-end=\"55\">Handmade in Japan<\/strong><\/p>\n<p data-start=\"57\" data-end=\"306\">Model <strong data-start=\"63\" data-end=\"73\">Reiner<\/strong> are classic sunglasses created in the spirit of contemporary minimalism. SALT. reaches here for clean lines, timeless form and the highest quality components, creating a model that combines elegance with functionality for years to come.<\/p>\n<p data-start=\"308\" data-end=\"650\">Frame made in 100% with <strong data-start=\"331\" data-end=\"362\">premium Japanese acetate<\/strong> provides a unique <strong data-start=\"382\" data-end=\"431\">rigidity, durability and perfect fit<\/strong>, while remaining comfortable and resistant to deformation. <strong data-start=\"496\" data-end=\"546\">Seven-pivot stainless steel hinges<\/strong> and <strong data-start=\"552\" data-end=\"579\">riveted triangular pattern<\/strong> strengthen the structure, ensuring longevity and smooth operation.<\/p>\n<p data-start=\"652\" data-end=\"1008\">Model <strong data-start=\"658\" data-end=\"668\">Reiner<\/strong> was equipped with <strong data-start=\"689\" data-end=\"737\">Glass &amp; CR-39 polarised optical lenses<\/strong>, which guarantee the highest image clarity and glare reduction. The lenses are coated with a set of SALT..: <strong data-start=\"853\" data-end=\"898\">anti-reflective, hydrophobic and oleophobic coating<\/strong>, making them reflect less light, repel water and dirt and protect against harmful rays.<\/p>\n<hr data-start=\"1010\" data-end=\"1013\" \/>\n<p data-start=\"1015\" data-end=\"1042\"><strong data-start=\"1015\" data-end=\"1040\">Technical details:<\/strong><\/p>\n<ul data-start=\"1043\" data-end=\"1498\">\n<li data-start=\"1043\" data-end=\"1089\">\n<p data-start=\"1045\" data-end=\"1089\">Dimensions: 51 [] 21 - 150 | B: 43.2 ED: 57.2<\/p>\n<\/li>\n<li data-start=\"1090\" data-end=\"1131\">\n<p data-start=\"1092\" data-end=\"1131\">Material: <strong data-start=\"1102\" data-end=\"1129\">Japanese premium acetate<\/strong><\/p>\n<\/li>\n<li data-start=\"1132\" data-end=\"1205\">\n<p data-start=\"1134\" data-end=\"1205\">Hinges: <strong data-start=\"1143\" data-end=\"1171\">7-barrel stainless steel<\/strong> + riveted triangle plaque pattern<\/p>\n<\/li>\n<li data-start=\"1206\" data-end=\"1266\">\n<p data-start=\"1208\" data-end=\"1266\">Lenses: Polarised <strong data-start=\"1231\" data-end=\"1248\">Glass &amp; CR-39<\/strong>, optical class<\/p>\n<\/li>\n<li data-start=\"1267\" data-end=\"1320\">\n<p data-start=\"1269\" data-end=\"1320\">Coatings: Anti-reflective, hydrophobic, oleophobic<\/p>\n<\/li>\n<li data-start=\"1321\" data-end=\"1498\">\n<p data-start=\"1323\" data-end=\"1337\">Properties:<\/p>\n<ul data-start=\"1340\" data-end=\"1498\">\n<li data-start=\"1340\" data-end=\"1375\">\n<p data-start=\"1342\" data-end=\"1375\">Stable, elegant design<\/p>\n<\/li>\n<li data-start=\"1378\" data-end=\"1408\">\n<p data-start=\"1380\" data-end=\"1408\">Durability and comfort for years<\/p>\n<\/li>\n<li data-start=\"1411\" data-end=\"1456\">\n<p data-start=\"1413\" data-end=\"1456\">High gloss by hand polishing<\/p>\n<\/li>\n<li data-start=\"1459\" data-end=\"1498\">\n<p data-start=\"1461\" data-end=\"1498\">Full protection and optical clarity<\/p>\n<\/li>\n<\/ul>\n<\/li>\n<\/ul>\n<hr data-start=\"1500\" data-end=\"1503\" \/>\n<p data-start=\"1505\" data-end=\"1847\"><strong data-start=\"1505\" data-end=\"1524\">Why SALT.<\/strong><br data-start=\"1524\" data-end=\"1527\" \/>SALT. Optics uses only <strong data-start=\"1561\" data-end=\"1605\">highest quality Japanese materials<\/strong>, which achieve a perfect fit, precision construction and perfect optics. The brand is committed to uncompromising craftsmanship - every detail is refined and each model is a combination of minimalist aesthetics and technical perfection.<\/p>","protected":false},"featured_media":4356,"template":"","meta":{"_acf_changed":false},"product_brand":[343],"product_cat":[37,51,30],"product_tag":[],"model":[],"class_list":{"0":"post-4353","1":"product","2":"type-product","3":"status-publish","4":"has-post-thumbnail","6":"product_brand-salt","7":"product_cat-meskie","8":"product_cat-okulary-korekcyjne","9":"product_cat-okulary-przeciwsloneczne","11":"first","12":"instock","13":"shipping-taxable","14":"purchasable","15":"product-type-simple"},"acf":[],"aioseo_notices":[],"_links":{"self":[{"href":"https:\/\/dukeeyewear.co.uk\/en\/wp-json\/wp\/v2\/product\/4353","targetHints":{"allow":["GET"]}}],"collection":[{"href":"https:\/\/dukeeyewear.co.uk\/en\/wp-json\/wp\/v2\/product"}],"about":[{"href":"https:\/\/dukeeyewear.co.uk\/en\/wp-json\/wp\/v2\/types\/product"}],"version-history":[{"count":1,"href":"https:\/\/dukeeyewear.co.uk\/en\/wp-json\/wp\/v2\/product\/4353\/revisions"}],"predecessor-version":[{"id":4358,"href":"https:\/\/dukeeyewear.co.uk\/en\/wp-json\/wp\/v2\/product\/4353\/revisions\/4358"}],"wp:featuredmedia":[{"embeddable":true,"href":"https:\/\/dukeeyewear.co.uk\/en\/wp-json\/wp\/v2\/media\/4356"}],"wp:attachment":[{"href":"https:\/\/dukeeyewear.co.uk\/en\/wp-json\/wp\/v2\/media?parent=4353"}],"wp:term":[{"taxonomy":"product_brand","embeddable":true,"href":"https:\/\/dukeeyewear.co.uk\/en\/wp-json\/wp\/v2\/product_brand?post=4353"},{"taxonomy":"product_cat","embeddable":true,"href":"https:\/\/dukeeyewear.co.uk\/en\/wp-json\/wp\/v2\/product_cat?post=4353"},{"taxonomy":"product_tag","embeddable":true,"href":"https:\/\/dukeeyewear.co.uk\/en\/wp-json\/wp\/v2\/product_tag?post=4353"},{"taxonomy":"model","embeddable":true,"href":"https:\/\/dukeeyewear.co.uk\/en\/wp-json\/wp\/v2\/model?post=4353"}],"curies":[{"name":"wp","href":"https:\/\/api.w.org\/{rel}","templated":true}]}}