{"id":4065,"date":"2025-10-05T17:18:28","date_gmt":"2025-10-05T15:18:28","guid":{"rendered":"https:\/\/www.diukoptyk.pl\/?post_type=product&#038;p=4065"},"modified":"2026-01-13T20:39:22","modified_gmt":"2026-01-13T19:39:22","slug":"salt-brower-antique-gold","status":"publish","type":"product","link":"https:\/\/dukeeyewear.co.uk\/en\/product\/salt-brower-antique-gold\/","title":{"rendered":"SALT. Brower | Antique Gold"},"content":{"rendered":"<p><strong data-start=\"1393\" data-end=\"1409\">SALT. Brower<\/strong> - an ultralight frame that combines <strong data-start=\"1443\" data-end=\"1514\">engineering precision, Japanese craftsmanship and aesthetics of pure form<\/strong> \u2013 stworzona dla tych, kt\u00f3rzy ceni\u0105 subtelny luksus i funkcjonalno\u015b\u0107 w najlepszym wydaniu.<\/p>\n<p>Brand models <strong data-start=\"13\" data-end=\"22\">SALT.<\/strong> are not available for sale online - only a small selection of the collection is presented on our website. Over <strong data-start=\"133\" data-end=\"158\">150 unique fixtures<\/strong> of this brand can be seen exclusively in our <strong data-start=\"203\" data-end=\"238\">Diuk Optyk stationary showroom<\/strong>.<\/p>","protected":false},"excerpt":{"rendered":"<h3 data-start=\"0\" data-end=\"24\"><strong data-start=\"4\" data-end=\"22\">SALT. - Brower<\/strong><\/h3>\n<p data-start=\"25\" data-end=\"55\"><strong data-start=\"25\" data-end=\"55\">Handmade in Japan<\/strong><\/p>\n<p data-start=\"57\" data-end=\"336\">Model <strong data-start=\"63\" data-end=\"73\">Brower<\/strong> from <strong data-start=\"77\" data-end=\"93\">SALT. Optics<\/strong> is the quintessence of minimalist elegance and technical perfection. Designed for those who appreciate <strong data-start=\"205\" data-end=\"247\">lightness, durability and timeless design<\/strong>, is an excellent example of Japanese craftsmanship in a modern setting.<\/p>\n<p data-start=\"338\" data-end=\"616\">Made in 100% with <strong data-start=\"356\" data-end=\"382\">aerospace grade titanium<\/strong>, model <strong data-start=\"390\" data-end=\"400\">Brower<\/strong> is <strong data-start=\"406\" data-end=\"436\">hypoallergenic, ultra-lightweight<\/strong> and extremely durable. The precisely selected thickness of the titanium guarantees <strong data-start=\"507\" data-end=\"530\">perfect fit<\/strong>, reduces stress on the lenses and ensures <strong data-start=\"577\" data-end=\"613\">excellent optical clarity<\/strong>.<\/p>\n<p data-start=\"618\" data-end=\"748\">The slim, elegant lines of the luminaire are in keeping with the brand's signature <strong data-start=\"691\" data-end=\"700\">SALT.<\/strong> style - subtle, functional and timeless.<\/p>\n<hr data-start=\"750\" data-end=\"753\" \/>\n<p data-start=\"755\" data-end=\"782\"><strong data-start=\"755\" data-end=\"780\">Technical details:<\/strong><\/p>\n<ul data-start=\"783\" data-end=\"1125\">\n<li data-start=\"783\" data-end=\"825\">\n<p data-start=\"785\" data-end=\"825\">Dimensions: 51 [] 20 - 145 | B: 44 ED: 55<\/p>\n<\/li>\n<li data-start=\"826\" data-end=\"892\">\n<p data-start=\"828\" data-end=\"892\">Material: <strong data-start=\"838\" data-end=\"863\">Aircraft-grade titanium<\/strong> (Aerospace Grade Titanium)<\/p>\n<\/li>\n<li data-start=\"893\" data-end=\"1125\">\n<p data-start=\"895\" data-end=\"909\">Properties:<\/p>\n<ul data-start=\"912\" data-end=\"1125\">\n<li data-start=\"912\" data-end=\"943\">\n<p data-start=\"914\" data-end=\"943\">Hypoallergenic and ultra-lightweight<\/p>\n<\/li>\n<li data-start=\"946\" data-end=\"977\">\n<p data-start=\"948\" data-end=\"977\">Durable and corrosion-resistant<\/p>\n<\/li>\n<li data-start=\"980\" data-end=\"1061\">\n<p data-start=\"982\" data-end=\"1061\">Optimised frame thickness for perfect fit and lens stability<\/p>\n<\/li>\n<li data-start=\"1064\" data-end=\"1125\">\n<p data-start=\"1066\" data-end=\"1125\">100% manufactured in Japan from the highest quality components<\/p>\n<\/li>\n<\/ul>\n<\/li>\n<\/ul>\n<hr data-start=\"1127\" data-end=\"1130\" \/>\n<p data-start=\"1132\" data-end=\"1384\"><strong data-start=\"1132\" data-end=\"1151\">Why SALT.<\/strong><br data-start=\"1151\" data-end=\"1154\" \/>Each model of SALT. is made from <strong data-start=\"1183\" data-end=\"1220\">the finest Japanese materials<\/strong> - from aerospace grade titanium to precision assembly using traditional techniques. The result is <strong data-start=\"1315\" data-end=\"1381\">excellent ergonomics, unparalleled comfort and timeless design<\/strong>.<\/p>","protected":false},"featured_media":4068,"template":"","meta":{"_acf_changed":false},"product_brand":[343],"product_cat":[32,51,35],"product_tag":[],"model":[],"class_list":{"0":"post-4065","1":"product","2":"type-product","3":"status-publish","4":"has-post-thumbnail","6":"product_brand-salt","7":"product_cat-damskie","8":"product_cat-okulary-korekcyjne","9":"product_cat-unisex","11":"first","12":"instock","13":"shipping-taxable","14":"purchasable","15":"product-type-simple"},"acf":[],"aioseo_notices":[],"_links":{"self":[{"href":"https:\/\/dukeeyewear.co.uk\/en\/wp-json\/wp\/v2\/product\/4065","targetHints":{"allow":["GET"]}}],"collection":[{"href":"https:\/\/dukeeyewear.co.uk\/en\/wp-json\/wp\/v2\/product"}],"about":[{"href":"https:\/\/dukeeyewear.co.uk\/en\/wp-json\/wp\/v2\/types\/product"}],"version-history":[{"count":2,"href":"https:\/\/dukeeyewear.co.uk\/en\/wp-json\/wp\/v2\/product\/4065\/revisions"}],"predecessor-version":[{"id":4072,"href":"https:\/\/dukeeyewear.co.uk\/en\/wp-json\/wp\/v2\/product\/4065\/revisions\/4072"}],"wp:featuredmedia":[{"embeddable":true,"href":"https:\/\/dukeeyewear.co.uk\/en\/wp-json\/wp\/v2\/media\/4068"}],"wp:attachment":[{"href":"https:\/\/dukeeyewear.co.uk\/en\/wp-json\/wp\/v2\/media?parent=4065"}],"wp:term":[{"taxonomy":"product_brand","embeddable":true,"href":"https:\/\/dukeeyewear.co.uk\/en\/wp-json\/wp\/v2\/product_brand?post=4065"},{"taxonomy":"product_cat","embeddable":true,"href":"https:\/\/dukeeyewear.co.uk\/en\/wp-json\/wp\/v2\/product_cat?post=4065"},{"taxonomy":"product_tag","embeddable":true,"href":"https:\/\/dukeeyewear.co.uk\/en\/wp-json\/wp\/v2\/product_tag?post=4065"},{"taxonomy":"model","embeddable":true,"href":"https:\/\/dukeeyewear.co.uk\/en\/wp-json\/wp\/v2\/model?post=4065"}],"curies":[{"name":"wp","href":"https:\/\/api.w.org\/{rel}","templated":true}]}}