{"id":2952,"date":"2025-10-14T14:59:36","date_gmt":"2025-10-14T12:59:36","guid":{"rendered":"https:\/\/www.diukoptyk.pl\/?post_type=product&#038;p=2952"},"modified":"2026-04-11T10:13:00","modified_gmt":"2026-04-11T08:13:00","slug":"jacques-marie-mage-earl-corbeau","status":"publish","type":"product","link":"https:\/\/dukeeyewear.co.uk\/en\/product\/jacques-marie-mage-earl-corbeau\/","title":{"rendered":"Jacques Marie Mage EARL | CORBEAU"},"content":{"rendered":"<article class=\"text-token-text-primary w-full focus:outline-none [--shadow-height:45px] has-data-writing-block:pointer-events-none has-data-writing-block:-mt-(--shadow-height) has-data-writing-block:pt-(--shadow-height) [&amp;:has([data-writing-block])&gt;*]:pointer-events-auto [content-visibility:auto] supports-[content-visibility:auto]:[contain-intrinsic-size:auto_100lvh] scroll-mt-[calc(var(--header-height)+min(200px,max(70px,20svh)))]\" dir=\"auto\" tabindex=\"-1\" data-turn-id=\"request-68dbb5b1-7ef0-832d-b63b-57cc941960e2-39\" data-testid=\"conversation-turn-360\" data-scroll-anchor=\"true\" data-turn=\"assistant\">\n<div class=\"text-base my-auto mx-auto pb-10 [--thread-content-margin:--spacing(4)] thread-sm:[--thread-content-margin:--spacing(6)] thread-lg:[--thread-content-margin:--spacing(16)] px-(--thread-content-margin)\">\n<div class=\"[--thread-content-max-width:40rem] thread-lg:[--thread-content-max-width:48rem] mx-auto max-w-(--thread-content-max-width) flex-1 group\/turn-messages focus-visible:outline-hidden relative flex w-full min-w-0 flex-col agent-turn\" tabindex=\"-1\">\n<div class=\"flex max-w-full flex-col grow\">\n<div class=\"min-h-8 text-message relative flex w-full flex-col items-end gap-2 text-start break-words whitespace-normal [.text-message+&amp;]:mt-1\" dir=\"auto\" data-message-author-role=\"assistant\" data-message-id=\"a4b1d230-2b3d-4ef5-a95c-c72d14b62711\" data-message-model-slug=\"gpt-5\">\n<div class=\"flex w-full flex-col gap-1 empty:hidden first:pt-[1px]\">\n<div class=\"markdown prose dark:prose-invert w-full break-words light markdown-new-styling\">\n<p data-start=\"1741\" data-end=\"2041\" data-is-last-node=\"\" data-is-only-node=\"\"><strong data-start=\"1741\" data-end=\"1754\">Dla kogo:<\/strong><br data-start=\"1754\" data-end=\"1757\" \/>Dla mi\u0142o\u015bnik\u00f3w <strong data-start=\"1772\" data-end=\"1861\">architektonicznej precyzji, minimalistycznej elegancji i luksusu zakl\u0119tego w detalach<\/strong>.<br data-start=\"1862\" data-end=\"1865\" \/>Jacques Marie Mage <strong data-start=\"1884\" data-end=\"1900\">Earl Corbeau<\/strong> to ho\u0142d dla epoki, w kt\u00f3rej styl oznacza\u0142 dyscyplin\u0119 i wyrafinowanie \u2014 oprawa dla tych, kt\u00f3rzy <strong data-start=\"1996\" data-end=\"2040\">nie pod\u0105\u017caj\u0105 za trendami, lecz je tworz\u0105<\/strong>.<\/p>\n<\/div>\n<\/div>\n<\/div>\n<\/div>\n<\/div>\n<\/div>\n<\/article>\n","protected":false},"excerpt":{"rendered":"<h3 data-start=\"0\" data-end=\"45\"><strong data-start=\"4\" data-end=\"43\">Jacques Marie Mage - EARL | CORBEAU<\/strong><\/h3>\n<p data-start=\"46\" data-end=\"87\"><strong data-start=\"46\" data-end=\"85\">Limited edition - 350 copies<\/strong><\/p>\n<p data-start=\"89\" data-end=\"455\">Model <strong data-start=\"95\" data-end=\"121\">Earl in colour Corbeau<\/strong> is a contemporary reinterpretation of a classic style <em data-start=\"171\" data-end=\"182\">navigator<\/em> from the 1970s, in which <strong data-start=\"203\" data-end=\"255\">minimalism meets master craftsmanship<\/strong>. The bold black titanium construction with a satin finish draws the eye with subtle details and expresses the timeless character of Jacques Marie Mage - an elegance rooted in precision and proportion.<\/p>\n<p data-start=\"457\" data-end=\"868\">Handmade eyewear in Japan <strong data-start=\"492\" data-end=\"508\">Earl Corbeau<\/strong> have been designed with perfection in mind in every detail. With a slim profile, 4mm titanium inserts around the lenses and engraved temples with a distinctive finish <em data-start=\"689\" data-end=\"700\">wing tips<\/em> give the overall design a sculptural lightness. The delicate shine of the silver details and the contrast with the black of the frame emphasise the luxurious yet modern character of this model.<\/p>\n<p data-start=\"870\" data-end=\"1124\">Lenses <strong data-start=\"879\" data-end=\"896\">Charcoal CR39<\/strong> provide <strong data-start=\"908\" data-end=\"928\">full UV protection<\/strong> and are coated with anti-reflective coating on the inside, guaranteeing excellent clarity of vision. These are glasses created for people who value <strong data-start=\"1068\" data-end=\"1121\">discreet strength, balanced style and technical beauty<\/strong>.<\/p>\n<hr data-start=\"1126\" data-end=\"1129\" \/>\n<p data-start=\"1131\" data-end=\"1156\"><strong data-start=\"1131\" data-end=\"1154\">Details and execution:<\/strong><\/p>\n<ul data-start=\"1157\" data-end=\"1734\">\n<li data-start=\"1157\" data-end=\"1204\">\n<p data-start=\"1159\" data-end=\"1204\"><strong data-start=\"1159\" data-end=\"1170\">Type:<\/strong> unisex sunglasses<\/p>\n<\/li>\n<li data-start=\"1205\" data-end=\"1255\">\n<p data-start=\"1207\" data-end=\"1255\"><strong data-start=\"1207\" data-end=\"1219\">Shape:<\/strong> navigator, inspired by the 1970s.<\/p>\n<\/li>\n<li data-start=\"1256\" data-end=\"1313\">\n<p data-start=\"1258\" data-end=\"1313\"><strong data-start=\"1258\" data-end=\"1268\">Colour:<\/strong> Corbeau - deep black with silver accents<\/p>\n<\/li>\n<li data-start=\"1314\" data-end=\"1350\">\n<p data-start=\"1316\" data-end=\"1350\"><strong data-start=\"1316\" data-end=\"1329\">Material:<\/strong> 100% beta titanium<\/p>\n<\/li>\n<li data-start=\"1351\" data-end=\"1590\">\n<p data-start=\"1353\" data-end=\"1371\"><strong data-start=\"1353\" data-end=\"1369\">Finishing:<\/strong><\/p>\n<ul data-start=\"1374\" data-end=\"1590\">\n<li data-start=\"1374\" data-end=\"1447\">\n<p data-start=\"1376\" data-end=\"1447\">Black <em data-start=\"1382\" data-end=\"1418\">hairline-engraved titanium temples<\/em> with an end <em data-start=\"1434\" data-end=\"1445\">wing tips<\/em><\/p>\n<\/li>\n<li data-start=\"1450\" data-end=\"1508\">\n<p data-start=\"1452\" data-end=\"1508\"><em data-start=\"1452\" data-end=\"1472\">Black hidden hinge<\/em> with tension-secured<\/p>\n<\/li>\n<li data-start=\"1511\" data-end=\"1547\">\n<p data-start=\"1513\" data-end=\"1547\"><em data-start=\"1513\" data-end=\"1545\">Silver titanium eyerim inserts<\/em><\/p>\n<\/li>\n<li data-start=\"1550\" data-end=\"1590\">\n<p data-start=\"1552\" data-end=\"1590\">Custom <em data-start=\"1559\" data-end=\"1570\">nose pads<\/em> with logo and engraving<\/p>\n<\/li>\n<\/ul>\n<\/li>\n<li data-start=\"1591\" data-end=\"1669\">\n<p data-start=\"1593\" data-end=\"1669\"><strong data-start=\"1593\" data-end=\"1606\">Lenses:<\/strong> Charcoal CR39 (4-base) with anti-reflective coating on the inside<\/p>\n<\/li>\n<li data-start=\"1670\" data-end=\"1694\">\n<p data-start=\"1672\" data-end=\"1694\"><strong data-start=\"1672\" data-end=\"1684\">Security:<\/strong> 100% UV<\/p>\n<\/li>\n<li data-start=\"1695\" data-end=\"1734\">\n<p data-start=\"1697\" data-end=\"1734\"><strong data-start=\"1697\" data-end=\"1711\">Craftsmanship:<\/strong> Handcrafted in Japan<\/p>\n<\/li>\n<\/ul>","protected":false},"featured_media":2957,"template":"","meta":{"_acf_changed":false},"product_brand":[82],"product_cat":[37,30,35],"product_tag":[],"model":[378],"class_list":{"0":"post-2952","1":"product","2":"type-product","3":"status-publish","4":"has-post-thumbnail","6":"product_brand-jacques-marie-mage","7":"product_cat-meskie","8":"product_cat-okulary-przeciwsloneczne","9":"product_cat-unisex","10":"model-earl","12":"first","13":"instock","14":"shipping-taxable","15":"purchasable","16":"product-type-simple"},"acf":[],"aioseo_notices":[],"_links":{"self":[{"href":"https:\/\/dukeeyewear.co.uk\/en\/wp-json\/wp\/v2\/product\/2952","targetHints":{"allow":["GET"]}}],"collection":[{"href":"https:\/\/dukeeyewear.co.uk\/en\/wp-json\/wp\/v2\/product"}],"about":[{"href":"https:\/\/dukeeyewear.co.uk\/en\/wp-json\/wp\/v2\/types\/product"}],"version-history":[{"count":1,"href":"https:\/\/dukeeyewear.co.uk\/en\/wp-json\/wp\/v2\/product\/2952\/revisions"}],"predecessor-version":[{"id":4667,"href":"https:\/\/dukeeyewear.co.uk\/en\/wp-json\/wp\/v2\/product\/2952\/revisions\/4667"}],"wp:featuredmedia":[{"embeddable":true,"href":"https:\/\/dukeeyewear.co.uk\/en\/wp-json\/wp\/v2\/media\/2957"}],"wp:attachment":[{"href":"https:\/\/dukeeyewear.co.uk\/en\/wp-json\/wp\/v2\/media?parent=2952"}],"wp:term":[{"taxonomy":"product_brand","embeddable":true,"href":"https:\/\/dukeeyewear.co.uk\/en\/wp-json\/wp\/v2\/product_brand?post=2952"},{"taxonomy":"product_cat","embeddable":true,"href":"https:\/\/dukeeyewear.co.uk\/en\/wp-json\/wp\/v2\/product_cat?post=2952"},{"taxonomy":"product_tag","embeddable":true,"href":"https:\/\/dukeeyewear.co.uk\/en\/wp-json\/wp\/v2\/product_tag?post=2952"},{"taxonomy":"model","embeddable":true,"href":"https:\/\/dukeeyewear.co.uk\/en\/wp-json\/wp\/v2\/model?post=2952"}],"curies":[{"name":"wp","href":"https:\/\/api.w.org\/{rel}","templated":true}]}}