{"id":2108,"date":"2025-10-09T11:40:46","date_gmt":"2025-10-09T09:40:46","guid":{"rendered":"https:\/\/www.diukoptyk.pl\/?post_type=product&#038;p=2108"},"modified":"2026-01-13T20:38:36","modified_gmt":"2026-01-13T19:38:36","slug":"akoni-sagita-crystal-black-nosepads","status":"publish","type":"product","link":"https:\/\/dukeeyewear.co.uk\/en\/product\/akoni-sagita-crystal-black-nosepads\/","title":{"rendered":"Akoni SAGITA | CRYSTAL BLACK - NOSEPADS"},"content":{"rendered":"<p><strong data-start=\"1383\" data-end=\"1396\">For whom?<\/strong><br data-start=\"1396\" data-end=\"1399\" \/><strong data-start=\"1399\" data-end=\"1432\">Akoni Sagitta | Crystal Black<\/strong> to oprawa dla kobiet, kt\u00f3re \u0142\u0105cz\u0105 klasyk\u0119 z nowoczesno\u015bci\u0105.<\/p>\n<p>Dla tych, kt\u00f3re ceni\u0105 lekko\u015b\u0107, elegancj\u0119 i wyrazisty charakter \u2013 w spojrzeniu, kt\u00f3re nie potrzebuje s\u0142\u00f3w, by zosta\u0107 zapami\u0119tane.<\/p>","protected":false},"excerpt":{"rendered":"<h3 data-start=\"189\" data-end=\"230\">Akoni - <strong data-start=\"201\" data-end=\"228\">Sagitta | Crystal Black<\/strong><\/h3>\n<p data-start=\"232\" data-end=\"670\"><strong data-start=\"232\" data-end=\"299\">Femininity in a new dimension. Lightness and strength in one look.<\/strong><br data-start=\"299\" data-end=\"302\" \/>Model <strong data-start=\"308\" data-end=\"319\">Sagitta<\/strong> is a contemporary interpretation of the iconic cat shape - bold yet graceful. The widened and gently raised form subtly highlights the cheekbones, giving the face a fresh and youthful glow. Made from translucent acetate, the frame combines sensual lightness with the precision and character typical of Akoni's Japanese craftsmanship.<\/p>\n<p data-start=\"672\" data-end=\"693\"><strong data-start=\"672\" data-end=\"691\">Detail and design<\/strong><\/p>\n<ul data-start=\"694\" data-end=\"1381\">\n<li data-start=\"694\" data-end=\"769\">\n<p data-start=\"696\" data-end=\"769\">Shape: widened <em data-start=\"716\" data-end=\"725\">cat-eye<\/em> - modern, lifted and expressive with extra noses<\/p>\n<\/li>\n<li data-start=\"770\" data-end=\"854\">\n<p data-start=\"772\" data-end=\"854\">Colour: <strong data-start=\"779\" data-end=\"796\">Crystal Black<\/strong> - translucent black with exceptional depth and elegance<\/p>\n<\/li>\n<li data-start=\"855\" data-end=\"919\">\n<p data-start=\"857\" data-end=\"919\">Material: Japanese acetate with a light, transparent structure<\/p>\n<\/li>\n<li data-start=\"920\" data-end=\"1016\">\n<p data-start=\"922\" data-end=\"1016\">Hinges: titanium plates with system <em data-start=\"957\" data-end=\"978\">threaded tube screw<\/em> - durability and perfect fit<\/p>\n<\/li>\n<li data-start=\"1017\" data-end=\"1110\">\n<p data-start=\"1019\" data-end=\"1110\">Earcups: in Japanese acetate with custom metal core (<em data-start=\"1090\" data-end=\"1107\">custom wirecore<\/em>)<\/p>\n<\/li>\n<li data-start=\"1111\" data-end=\"1166\">\n<p data-start=\"1113\" data-end=\"1166\">Nosepieces: gold-coloured titanium<\/p>\n<\/li>\n<li data-start=\"1167\" data-end=\"1265\">\n<p data-start=\"1169\" data-end=\"1265\">Lenses: <strong data-start=\"1179\" data-end=\"1200\">Light Olive CR-39<\/strong>, 4-base - with natural contrast and subtly warm tones<\/p>\n<\/li>\n<li data-start=\"1283\" data-end=\"1312\">\n<p data-start=\"1285\" data-end=\"1312\">Size: 52 \/ 17 - 145 mm<\/p>\n<\/li>\n<li data-start=\"1313\" data-end=\"1381\">\n<p data-start=\"1315\" data-end=\"1381\">Country of origin: Japan - highest precision and attention to detail<\/p>\n<\/li>\n<\/ul>","protected":false},"featured_media":2110,"template":"","meta":{"_acf_changed":false},"product_brand":[341],"product_cat":[32,51],"product_tag":[],"model":[],"class_list":{"0":"post-2108","1":"product","2":"type-product","3":"status-publish","4":"has-post-thumbnail","6":"product_brand-akoni","7":"product_cat-damskie","8":"product_cat-okulary-korekcyjne","10":"first","11":"instock","12":"shipping-taxable","13":"purchasable","14":"product-type-simple"},"acf":[],"aioseo_notices":[],"_links":{"self":[{"href":"https:\/\/dukeeyewear.co.uk\/en\/wp-json\/wp\/v2\/product\/2108","targetHints":{"allow":["GET"]}}],"collection":[{"href":"https:\/\/dukeeyewear.co.uk\/en\/wp-json\/wp\/v2\/product"}],"about":[{"href":"https:\/\/dukeeyewear.co.uk\/en\/wp-json\/wp\/v2\/types\/product"}],"version-history":[{"count":1,"href":"https:\/\/dukeeyewear.co.uk\/en\/wp-json\/wp\/v2\/product\/2108\/revisions"}],"predecessor-version":[{"id":4563,"href":"https:\/\/dukeeyewear.co.uk\/en\/wp-json\/wp\/v2\/product\/2108\/revisions\/4563"}],"wp:featuredmedia":[{"embeddable":true,"href":"https:\/\/dukeeyewear.co.uk\/en\/wp-json\/wp\/v2\/media\/2110"}],"wp:attachment":[{"href":"https:\/\/dukeeyewear.co.uk\/en\/wp-json\/wp\/v2\/media?parent=2108"}],"wp:term":[{"taxonomy":"product_brand","embeddable":true,"href":"https:\/\/dukeeyewear.co.uk\/en\/wp-json\/wp\/v2\/product_brand?post=2108"},{"taxonomy":"product_cat","embeddable":true,"href":"https:\/\/dukeeyewear.co.uk\/en\/wp-json\/wp\/v2\/product_cat?post=2108"},{"taxonomy":"product_tag","embeddable":true,"href":"https:\/\/dukeeyewear.co.uk\/en\/wp-json\/wp\/v2\/product_tag?post=2108"},{"taxonomy":"model","embeddable":true,"href":"https:\/\/dukeeyewear.co.uk\/en\/wp-json\/wp\/v2\/model?post=2108"}],"curies":[{"name":"wp","href":"https:\/\/api.w.org\/{rel}","templated":true}]}}