{"id":2046,"date":"2025-10-09T10:25:30","date_gmt":"2025-10-09T08:25:30","guid":{"rendered":"https:\/\/www.diukoptyk.pl\/?post_type=product&#038;p=2046"},"modified":"2026-02-20T21:22:43","modified_gmt":"2026-02-20T20:22:43","slug":"akoi-telesto-brushed-white-gold-53","status":"publish","type":"product","link":"https:\/\/dukeeyewear.co.uk\/en\/product\/akoi-telesto-brushed-white-gold-53\/","title":{"rendered":"Akoni TELESTO | BRUSHED WHITE GOLD (53)"},"content":{"rendered":"<p><strong data-start=\"1585\" data-end=\"1598\">For whom?<\/strong><br data-start=\"1598\" data-end=\"1601\" \/><strong data-start=\"1601\" data-end=\"1654\">Akoni Telesto | Brushed 12k Gold \/ Shiny 12k Gold<\/strong> to oprawa dla os\u00f3b, kt\u00f3re patrz\u0105 dalej ni\u017c inni \u2013 z ambicj\u0105, wizj\u0105 i poczuciem stylu.<\/p>\n<p>Dla estet\u00f3w, kt\u00f3rzy ceni\u0105 nowoczesny luksus, techniczn\u0105 doskona\u0142o\u015b\u0107 i niepowtarzaln\u0105 form\u0119 inspirowan\u0105 kosmiczn\u0105 symetri\u0105.<\/p>","protected":false},"excerpt":{"rendered":"<h3 data-start=\"215\" data-end=\"276\">Akoni - <strong data-start=\"227\" data-end=\"274\">Telesto | Brushed 12k Gold \/ Shiny 12k Gold<\/strong><\/h3>\n<p data-start=\"278\" data-end=\"773\"><strong data-start=\"278\" data-end=\"322\">Cosmic precision. Earthly perfection.<\/strong><br data-start=\"322\" data-end=\"325\" \/>Model <strong data-start=\"331\" data-end=\"342\">Telesto<\/strong>, named in honour of Saturn's moon, is a bold titanium-type luminaire <em data-start=\"412\" data-end=\"423\">navigator<\/em> - combining precision engineering with a universe-inspired aesthetic. Its distinctive double rim line and contrasting shade finishes <strong data-start=\"582\" data-end=\"595\">12k gold<\/strong> create an impression of strength, lightness and harmony. It is a model that combines technical craftsmanship and timeless style, attracting the eye like light reflected from a golden orbit.<\/p>\n<p data-start=\"775\" data-end=\"796\"><strong data-start=\"775\" data-end=\"794\">Detail and design<\/strong><\/p>\n<ul data-start=\"797\" data-end=\"1583\">\n<li data-start=\"797\" data-end=\"873\">\n<p data-start=\"799\" data-end=\"873\">Shape: geometric <em data-start=\"821\" data-end=\"832\">navigator<\/em> with a distinctive, architectural form<\/p>\n<\/li>\n<li data-start=\"874\" data-end=\"961\">\n<p data-start=\"876\" data-end=\"961\">Material: entirely made of Japanese titanium - lightweight, durable and time-resistant<\/p>\n<\/li>\n<li data-start=\"962\" data-end=\"1085\">\n<p data-start=\"964\" data-end=\"1085\">Construction: double edge (<em data-start=\"992\" data-end=\"1011\">double rim design<\/em>) with a textured upper bridge and contrasting hinge finishes<\/p>\n<\/li>\n<li data-start=\"1086\" data-end=\"1209\">\n<p data-start=\"1088\" data-end=\"1209\">Colour: <strong data-start=\"1095\" data-end=\"1132\">Brushed 12k Gold \/ Shiny 12k Gold<\/strong> - combination of matt and shiny gold for maximum depth and luxury<\/p>\n<\/li>\n<li data-start=\"1210\" data-end=\"1332\">\n<p data-start=\"1212\" data-end=\"1332\">Frame: titanium, with distinctive grooves <em data-start=\"1265\" data-end=\"1280\">knurled Akoni<\/em> and precise screw system <em data-start=\"1309\" data-end=\"1330\">threaded tube screw<\/em><\/p>\n<\/li>\n<li data-start=\"1333\" data-end=\"1397\">\n<p data-start=\"1335\" data-end=\"1397\">Nosepieces: ceramic with flexible arms with <em data-start=\"1380\" data-end=\"1395\">beta titanium<\/em><\/p>\n<\/li>\n<li data-start=\"1398\" data-end=\"1470\">\n<p data-start=\"1400\" data-end=\"1470\">Lenses: transparent, prepared for the installation of optical corrections<\/p>\n<\/li>\n<li data-start=\"1471\" data-end=\"1500\">\n<p data-start=\"1473\" data-end=\"1500\">Size: 53 \/ 16 - 142 mm<\/p>\n<\/li>\n<li data-start=\"1501\" data-end=\"1583\">\n<p data-start=\"1503\" data-end=\"1583\">Country of origin: Japan - masterful craftsmanship and perfection in every detail<\/p>\n<\/li>\n<\/ul>","protected":false},"featured_media":2047,"template":"","meta":{"_acf_changed":false},"product_brand":[341],"product_cat":[32,37,51,35],"product_tag":[],"model":[],"class_list":{"0":"post-2046","1":"product","2":"type-product","3":"status-publish","4":"has-post-thumbnail","6":"product_brand-akoni","7":"product_cat-damskie","8":"product_cat-meskie","9":"product_cat-okulary-korekcyjne","10":"product_cat-unisex","12":"first","13":"outofstock","14":"shipping-taxable","15":"purchasable","16":"product-type-simple"},"acf":[],"aioseo_notices":[],"_links":{"self":[{"href":"https:\/\/dukeeyewear.co.uk\/en\/wp-json\/wp\/v2\/product\/2046","targetHints":{"allow":["GET"]}}],"collection":[{"href":"https:\/\/dukeeyewear.co.uk\/en\/wp-json\/wp\/v2\/product"}],"about":[{"href":"https:\/\/dukeeyewear.co.uk\/en\/wp-json\/wp\/v2\/types\/product"}],"version-history":[{"count":1,"href":"https:\/\/dukeeyewear.co.uk\/en\/wp-json\/wp\/v2\/product\/2046\/revisions"}],"predecessor-version":[{"id":4557,"href":"https:\/\/dukeeyewear.co.uk\/en\/wp-json\/wp\/v2\/product\/2046\/revisions\/4557"}],"wp:featuredmedia":[{"embeddable":true,"href":"https:\/\/dukeeyewear.co.uk\/en\/wp-json\/wp\/v2\/media\/2047"}],"wp:attachment":[{"href":"https:\/\/dukeeyewear.co.uk\/en\/wp-json\/wp\/v2\/media?parent=2046"}],"wp:term":[{"taxonomy":"product_brand","embeddable":true,"href":"https:\/\/dukeeyewear.co.uk\/en\/wp-json\/wp\/v2\/product_brand?post=2046"},{"taxonomy":"product_cat","embeddable":true,"href":"https:\/\/dukeeyewear.co.uk\/en\/wp-json\/wp\/v2\/product_cat?post=2046"},{"taxonomy":"product_tag","embeddable":true,"href":"https:\/\/dukeeyewear.co.uk\/en\/wp-json\/wp\/v2\/product_tag?post=2046"},{"taxonomy":"model","embeddable":true,"href":"https:\/\/dukeeyewear.co.uk\/en\/wp-json\/wp\/v2\/model?post=2046"}],"curies":[{"name":"wp","href":"https:\/\/api.w.org\/{rel}","templated":true}]}}