{"id":2034,"date":"2025-10-09T10:12:37","date_gmt":"2025-10-09T08:12:37","guid":{"rendered":"https:\/\/www.diukoptyk.pl\/?post_type=product&#038;p=2034"},"modified":"2026-01-13T20:38:35","modified_gmt":"2026-01-13T19:38:35","slug":"akoni-innes-crystal-black","status":"publish","type":"product","link":"https:\/\/dukeeyewear.co.uk\/en\/product\/akoni-innes-crystal-black\/","title":{"rendered":"Akoni INNES | CRYSTAL BLACK"},"content":{"rendered":"<p><strong data-start=\"1453\" data-end=\"1466\">For whom?<\/strong><br data-start=\"1466\" data-end=\"1469\" \/><strong data-start=\"1469\" data-end=\"1513\">Akoni Innes | Crystal Black \/ White Gold<\/strong> to oprawa dla kobiet, kt\u00f3re ceni\u0105 elegancj\u0119 bez przesady i luksus zakl\u0119ty w precyzji.<\/p>\n<p>Dla tych, kt\u00f3re chc\u0105 wygl\u0105da\u0107 z klas\u0105, ale te\u017c czu\u0107 si\u0119 lekko \u2013 jak na swojej w\u0142asnej wyspie, z dala od zb\u0119dnego zgie\u0142ku.<\/p>","protected":false},"excerpt":{"rendered":"<h3 data-start=\"186\" data-end=\"238\">Akoni - <strong data-start=\"198\" data-end=\"236\">Innes | Crystal Black \/ White Gold<\/strong><\/h3>\n<p data-start=\"240\" data-end=\"755\"><strong data-start=\"240\" data-end=\"290\">An island of elegance. Lightness discovered in the details.<\/strong><br data-start=\"290\" data-end=\"293\" \/>Model <strong data-start=\"299\" data-end=\"308\">Innes<\/strong>, whose name means \u201eisland\u201d in Scottish, is a tribute to feminine elegance and craftsmanship in its purest form. Inspired by the natural beauty of the Scottish islands, it surprises with its subtlety and lightness of form - although made from solid Japanese acetate, it is surprisingly delicate in feel. Its cat-like shape lifts the features of the face, giving it nobility and confidence, while the titanium temples in a white gold shade add jewellery finesse.<\/p>\n<p data-start=\"757\" data-end=\"778\"><strong data-start=\"757\" data-end=\"776\">Detail and design<\/strong><\/p>\n<ul data-start=\"779\" data-end=\"1451\">\n<li data-start=\"779\" data-end=\"864\">\n<p data-start=\"781\" data-end=\"864\">Shape: subtle <em data-start=\"799\" data-end=\"808\">cat-eye<\/em> - feminine, slightly lifted, adding freshness to the face<\/p>\n<\/li>\n<li data-start=\"865\" data-end=\"962\">\n<p data-start=\"867\" data-end=\"962\">Frame: in Japanese acetate shade <strong data-start=\"906\" data-end=\"923\">Crystal Black<\/strong> - modern, clear and balanced<\/p>\n<\/li>\n<li data-start=\"963\" data-end=\"1111\">\n<p data-start=\"965\" data-end=\"1111\">Ear tips: titanium in colour <strong data-start=\"995\" data-end=\"1009\">White Gold<\/strong>, with a distinctive grooved element (<em data-start=\"1053\" data-end=\"1075\">round knurling piece<\/em>) and the system <em data-start=\"1088\" data-end=\"1109\">threaded tube screw<\/em><\/p>\n<\/li>\n<li data-start=\"1112\" data-end=\"1247\">\n<p data-start=\"1114\" data-end=\"1247\">Lenses: <strong data-start=\"1124\" data-end=\"1151\">Dark Grey to Light Grey<\/strong>, CR-39 with triple-layer anti-reflection coating - the perfect balance of contrast and transparency<\/p>\n<\/li>\n<li data-start=\"1248\" data-end=\"1338\">\n<p data-start=\"1250\" data-end=\"1338\">Weight: only 24 g - extremely lightweight design for all-day comfort<\/p>\n<\/li>\n<li data-start=\"1339\" data-end=\"1368\">\n<p data-start=\"1341\" data-end=\"1368\">Size: 49 \/ 19 - 142 mm<\/p>\n<\/li>\n<li data-start=\"1369\" data-end=\"1451\">\n<p data-start=\"1371\" data-end=\"1451\">Country of origin: Japan - guarantee of perfect workmanship and craftsmanship of detail<\/p>\n<\/li>\n<\/ul>","protected":false},"featured_media":2035,"template":"","meta":{"_acf_changed":false},"product_brand":[341],"product_cat":[32,30],"product_tag":[],"model":[],"class_list":{"0":"post-2034","1":"product","2":"type-product","3":"status-publish","4":"has-post-thumbnail","6":"product_brand-akoni","7":"product_cat-damskie","8":"product_cat-okulary-przeciwsloneczne","10":"first","11":"instock","12":"shipping-taxable","13":"purchasable","14":"product-type-simple"},"acf":[],"aioseo_notices":[],"_links":{"self":[{"href":"https:\/\/dukeeyewear.co.uk\/en\/wp-json\/wp\/v2\/product\/2034","targetHints":{"allow":["GET"]}}],"collection":[{"href":"https:\/\/dukeeyewear.co.uk\/en\/wp-json\/wp\/v2\/product"}],"about":[{"href":"https:\/\/dukeeyewear.co.uk\/en\/wp-json\/wp\/v2\/types\/product"}],"version-history":[{"count":1,"href":"https:\/\/dukeeyewear.co.uk\/en\/wp-json\/wp\/v2\/product\/2034\/revisions"}],"predecessor-version":[{"id":4555,"href":"https:\/\/dukeeyewear.co.uk\/en\/wp-json\/wp\/v2\/product\/2034\/revisions\/4555"}],"wp:featuredmedia":[{"embeddable":true,"href":"https:\/\/dukeeyewear.co.uk\/en\/wp-json\/wp\/v2\/media\/2035"}],"wp:attachment":[{"href":"https:\/\/dukeeyewear.co.uk\/en\/wp-json\/wp\/v2\/media?parent=2034"}],"wp:term":[{"taxonomy":"product_brand","embeddable":true,"href":"https:\/\/dukeeyewear.co.uk\/en\/wp-json\/wp\/v2\/product_brand?post=2034"},{"taxonomy":"product_cat","embeddable":true,"href":"https:\/\/dukeeyewear.co.uk\/en\/wp-json\/wp\/v2\/product_cat?post=2034"},{"taxonomy":"product_tag","embeddable":true,"href":"https:\/\/dukeeyewear.co.uk\/en\/wp-json\/wp\/v2\/product_tag?post=2034"},{"taxonomy":"model","embeddable":true,"href":"https:\/\/dukeeyewear.co.uk\/en\/wp-json\/wp\/v2\/model?post=2034"}],"curies":[{"name":"wp","href":"https:\/\/api.w.org\/{rel}","templated":true}]}}