{"id":1970,"date":"2025-10-07T14:36:24","date_gmt":"2025-10-07T12:36:24","guid":{"rendered":"https:\/\/www.diukoptyk.pl\/?post_type=product&#038;p=1970"},"modified":"2026-01-13T20:38:34","modified_gmt":"2026-01-13T19:38:34","slug":"akoni-columba-black-56","status":"publish","type":"product","link":"https:\/\/dukeeyewear.co.uk\/en\/product\/akoni-columba-black-56\/","title":{"rendered":"AKONI COLUMBA | BLACK 56"},"content":{"rendered":"<p><strong data-start=\"1274\" data-end=\"1287\">For whom?<\/strong><br data-start=\"1287\" data-end=\"1290\" \/><strong data-start=\"1290\" data-end=\"1313\">Akoni Columba Black<\/strong> to model dla os\u00f3b, kt\u00f3re \u0142\u0105cz\u0105 styl i funkcjonalno\u015b\u0107.<\/p>\n<p>Dla lider\u00f3w, tw\u00f3rc\u00f3w i estet\u00f3w, kt\u00f3rzy oczekuj\u0105 od okular\u00f3w nie tylko perfekcyjnego wygl\u0105du, ale te\u017c wyj\u0105tkowej jako\u015bci i komfortu w ka\u017cdej sytuacji \u2013 od oceanu po sal\u0119 zarz\u0105du.<\/p>","protected":false},"excerpt":{"rendered":"<h3 data-start=\"155\" data-end=\"186\">Akoni - <strong data-start=\"167\" data-end=\"184\">Columba Black<\/strong><\/h3>\n<p data-start=\"188\" data-end=\"646\"><strong data-start=\"188\" data-end=\"250\">Californian ease meets European sophistication<\/strong><br data-start=\"250\" data-end=\"253\" \/>Model <strong data-start=\"259\" data-end=\"276\">Columba Black<\/strong> is a contemporary reinterpretation of a classic form - a combination of strength, confidence and subtle elegance. Inspired by the spirit of the West Coast, the design is designed to be equally at home in the beach sunshine or in an office conference room. It is a timeless model for those who appreciate versatility at its luxurious best.<\/p>\n<p data-start=\"648\" data-end=\"669\"><strong data-start=\"648\" data-end=\"667\">Detail and design<\/strong><\/p>\n<ul data-start=\"670\" data-end=\"1272\">\n<li data-start=\"670\" data-end=\"750\">\n<p data-start=\"672\" data-end=\"750\">Shape: modern, straight, with strong lines emphasising style confidence<\/p>\n<\/li>\n<li data-start=\"751\" data-end=\"824\">\n<p data-start=\"753\" data-end=\"824\">Frame: made of high quality 8 mm thick Japanese acetate<\/p>\n<\/li>\n<li data-start=\"825\" data-end=\"915\">\n<p data-start=\"827\" data-end=\"915\">Breathers: with a customised core (<em data-start=\"866\" data-end=\"883\">custom wirecore<\/em>) with a unique pattern and coating<\/p>\n<\/li>\n<li data-start=\"916\" data-end=\"1037\">\n<p data-start=\"918\" data-end=\"1037\">Hinges: titanium, with proprietary screw and bushing system (<em data-start=\"972\" data-end=\"1000\">threaded tube screw system<\/em>) to ensure durability and precision<\/p>\n<\/li>\n<li data-start=\"1038\" data-end=\"1152\">\n<p data-start=\"1040\" data-end=\"1152\">Lenses: dark grey, high contrast (<em data-start=\"1085\" data-end=\"1108\">Dark Grey 4-base CR39<\/em>), with three-layer anti-reflection coating<\/p>\n<\/li>\n<li data-start=\"1153\" data-end=\"1182\">\n<p data-start=\"1155\" data-end=\"1182\">Size: 54 \/ 19 - 148 mm<\/p>\n<\/li>\n<li data-start=\"1183\" data-end=\"1197\">\n<p data-start=\"1185\" data-end=\"1197\">Weight: 50 g<\/p>\n<\/li>\n<li data-start=\"1198\" data-end=\"1272\">\n<p data-start=\"1200\" data-end=\"1272\">Country of origin: Japan - guarantee of perfect workmanship and detail<\/p>\n<\/li>\n<\/ul>","protected":false},"featured_media":1988,"template":"","meta":{"_acf_changed":false},"product_brand":[341],"product_cat":[32,37,51,30,35],"product_tag":[],"model":[],"class_list":{"0":"post-1970","1":"product","2":"type-product","3":"status-publish","4":"has-post-thumbnail","6":"product_brand-akoni","7":"product_cat-damskie","8":"product_cat-meskie","9":"product_cat-okulary-korekcyjne","10":"product_cat-okulary-przeciwsloneczne","11":"product_cat-unisex","13":"first","14":"instock","15":"shipping-taxable","16":"purchasable","17":"product-type-simple"},"acf":[],"aioseo_notices":[],"_links":{"self":[{"href":"https:\/\/dukeeyewear.co.uk\/en\/wp-json\/wp\/v2\/product\/1970","targetHints":{"allow":["GET"]}}],"collection":[{"href":"https:\/\/dukeeyewear.co.uk\/en\/wp-json\/wp\/v2\/product"}],"about":[{"href":"https:\/\/dukeeyewear.co.uk\/en\/wp-json\/wp\/v2\/types\/product"}],"version-history":[{"count":1,"href":"https:\/\/dukeeyewear.co.uk\/en\/wp-json\/wp\/v2\/product\/1970\/revisions"}],"predecessor-version":[{"id":4551,"href":"https:\/\/dukeeyewear.co.uk\/en\/wp-json\/wp\/v2\/product\/1970\/revisions\/4551"}],"wp:featuredmedia":[{"embeddable":true,"href":"https:\/\/dukeeyewear.co.uk\/en\/wp-json\/wp\/v2\/media\/1988"}],"wp:attachment":[{"href":"https:\/\/dukeeyewear.co.uk\/en\/wp-json\/wp\/v2\/media?parent=1970"}],"wp:term":[{"taxonomy":"product_brand","embeddable":true,"href":"https:\/\/dukeeyewear.co.uk\/en\/wp-json\/wp\/v2\/product_brand?post=1970"},{"taxonomy":"product_cat","embeddable":true,"href":"https:\/\/dukeeyewear.co.uk\/en\/wp-json\/wp\/v2\/product_cat?post=1970"},{"taxonomy":"product_tag","embeddable":true,"href":"https:\/\/dukeeyewear.co.uk\/en\/wp-json\/wp\/v2\/product_tag?post=1970"},{"taxonomy":"model","embeddable":true,"href":"https:\/\/dukeeyewear.co.uk\/en\/wp-json\/wp\/v2\/model?post=1970"}],"curies":[{"name":"wp","href":"https:\/\/api.w.org\/{rel}","templated":true}]}}