{"id":1240,"date":"2025-09-15T18:38:49","date_gmt":"2025-09-15T16:38:49","guid":{"rendered":"https:\/\/duke2.unixstorm.eu\/produkt\/jacques-marie-mage-molino-cobra-55-rx\/"},"modified":"2026-03-05T18:47:06","modified_gmt":"2026-03-05T17:47:06","slug":"jacques-marie-mage-molino-cobra-55-rx","status":"publish","type":"product","link":"https:\/\/dukeeyewear.co.uk\/en\/product\/jacques-marie-mage-molino-cobra-55-rx\/","title":{"rendered":"Jacques Marie Mage MOLINO (55) | COBRA RX"},"content":{"rendered":"<p><strong data-start=\"1186\" data-end=\"1199\">For whom?<\/strong><br data-start=\"1199\" data-end=\"1202\" \/><strong data-start=\"1202\" data-end=\"1243\">Jacques Marie Mage Molino 55 in Cobra<\/strong> to oprawa dla os\u00f3b o wyrafinowanym gu\u015bcie, kt\u00f3re ceni\u0105 jako\u015b\u0107, indywidualno\u015b\u0107 i detal.<\/p>\n<p>To klasyka w nowoczesnym wydaniu \u2013 dla tych, kt\u00f3rzy nosz\u0105 styl z pewno\u015bci\u0105 i charyzm\u0105.<\/p>","protected":false},"excerpt":{"rendered":"<h3 data-start=\"170\" data-end=\"219\">Jacques Marie Mage - <strong data-start=\"195\" data-end=\"217\">Molino 55 in Cobra<\/strong><\/h3>\n<p data-start=\"221\" data-end=\"618\"><strong data-start=\"221\" data-end=\"262\">An icon of style and craftsmanship<\/strong><br data-start=\"262\" data-end=\"265\" \/>Model <strong data-start=\"271\" data-end=\"293\">Molino 55 in Cobra<\/strong> is one of Jacques Marie Mage's most recognisable designs - inspired by the aesthetics of the 1960s, it is a combination of elegance, strength and refined expression. It is a frame with a unique harmony of shapes, where classic proportions meet modern detailing to create a timeless symbol of rebellious elegance.<\/p>\n<p data-start=\"620\" data-end=\"641\"><strong data-start=\"620\" data-end=\"639\">Detail and design<\/strong><\/p>\n<ul data-start=\"642\" data-end=\"1184\">\n<li data-start=\"642\" data-end=\"748\">\n<p data-start=\"644\" data-end=\"748\">Shape: rectangular, inspired by the style of the 1960s, with delicate bevelled edges (<em data-start=\"728\" data-end=\"745\">subtle beveling<\/em>)<\/p>\n<\/li>\n<li data-start=\"749\" data-end=\"868\">\n<p data-start=\"751\" data-end=\"868\">Frame: made of hardened cellulose acetate in colour <strong data-start=\"812\" data-end=\"821\">Cobra<\/strong> - deep brown shade with a subtle sheen<\/p>\n<\/li>\n<li data-start=\"869\" data-end=\"980\">\n<p data-start=\"871\" data-end=\"980\">Details: decorative precious metal elements - a distinctive hallmark <strong data-start=\"956\" data-end=\"978\">Jacques Marie Mage<\/strong><\/p>\n<\/li>\n<li data-start=\"981\" data-end=\"1085\">\n<p data-start=\"983\" data-end=\"1085\">Construction: handmade in Japan to the highest standards of precision and finish<\/p>\n<\/li>\n<li data-start=\"1086\" data-end=\"1184\">\n<p data-start=\"1088\" data-end=\"1184\">Style: elegance with a touch of artistic contrariness - sensual, poetic and timeless in expression<\/p>\n<\/li>\n<\/ul>","protected":false},"featured_media":1948,"template":"","meta":{"_acf_changed":false},"product_brand":[82],"product_cat":[32,37,51,30,35],"product_tag":[213],"model":[],"class_list":{"0":"post-1240","1":"product","2":"type-product","3":"status-publish","4":"has-post-thumbnail","6":"product_brand-jacques-marie-mage","7":"product_cat-damskie","8":"product_cat-meskie","9":"product_cat-okulary-korekcyjne","10":"product_cat-okulary-przeciwsloneczne","11":"product_cat-unisex","12":"product_tag-jmmlx16c","14":"first","15":"outofstock","16":"shipping-taxable","17":"purchasable","18":"product-type-simple"},"acf":[],"aioseo_notices":[],"_links":{"self":[{"href":"https:\/\/dukeeyewear.co.uk\/en\/wp-json\/wp\/v2\/product\/1240","targetHints":{"allow":["GET"]}}],"collection":[{"href":"https:\/\/dukeeyewear.co.uk\/en\/wp-json\/wp\/v2\/product"}],"about":[{"href":"https:\/\/dukeeyewear.co.uk\/en\/wp-json\/wp\/v2\/types\/product"}],"version-history":[{"count":1,"href":"https:\/\/dukeeyewear.co.uk\/en\/wp-json\/wp\/v2\/product\/1240\/revisions"}],"predecessor-version":[{"id":4518,"href":"https:\/\/dukeeyewear.co.uk\/en\/wp-json\/wp\/v2\/product\/1240\/revisions\/4518"}],"wp:featuredmedia":[{"embeddable":true,"href":"https:\/\/dukeeyewear.co.uk\/en\/wp-json\/wp\/v2\/media\/1948"}],"wp:attachment":[{"href":"https:\/\/dukeeyewear.co.uk\/en\/wp-json\/wp\/v2\/media?parent=1240"}],"wp:term":[{"taxonomy":"product_brand","embeddable":true,"href":"https:\/\/dukeeyewear.co.uk\/en\/wp-json\/wp\/v2\/product_brand?post=1240"},{"taxonomy":"product_cat","embeddable":true,"href":"https:\/\/dukeeyewear.co.uk\/en\/wp-json\/wp\/v2\/product_cat?post=1240"},{"taxonomy":"product_tag","embeddable":true,"href":"https:\/\/dukeeyewear.co.uk\/en\/wp-json\/wp\/v2\/product_tag?post=1240"},{"taxonomy":"model","embeddable":true,"href":"https:\/\/dukeeyewear.co.uk\/en\/wp-json\/wp\/v2\/model?post=1240"}],"curies":[{"name":"wp","href":"https:\/\/api.w.org\/{rel}","templated":true}]}}