{"id":1177,"date":"2025-09-15T18:26:04","date_gmt":"2025-09-15T16:26:04","guid":{"rendered":"https:\/\/duke2.unixstorm.eu\/produkt\/jacques-marie-mage-varda-ebony__trashed\/"},"modified":"2026-03-05T18:46:55","modified_gmt":"2026-03-05T17:46:55","slug":"jacques-marie-mage-varda-ebony","status":"publish","type":"product","link":"https:\/\/dukeeyewear.co.uk\/en\/product\/jacques-marie-mage-varda-ebony\/","title":{"rendered":"Jacques Marie Mage VARDA | EBONY"},"content":{"rendered":"<p><strong data-start=\"1161\" data-end=\"1174\">For whom?<\/strong><br data-start=\"1174\" data-end=\"1177\" \/><strong data-start=\"1177\" data-end=\"1214\">Jacques Marie Mage Varda in Ebony<\/strong> to oprawa dla os\u00f3b, kt\u00f3re odwa\u017cnie przekraczaj\u0105 granice konwencji.<\/p>\n<p>Stworzona z my\u015bl\u0105 o mi\u0142o\u015bnikach designu i sztuki, \u0142\u0105czy finezj\u0119 tytanu z ekspresyjn\u0105 si\u0142\u0105 koloru i formy \u2013 manifest indywidualizmu w najczystszej postaci.<\/p>","protected":false},"excerpt":{"rendered":"<h3 data-start=\"146\" data-end=\"191\">Jacques Marie Mage - <strong data-start=\"171\" data-end=\"189\">Varda in Ebony<\/strong><\/h3>\n<p data-start=\"193\" data-end=\"573\"><strong data-start=\"193\" data-end=\"226\">Combining art and intellect<\/strong><br data-start=\"226\" data-end=\"229\" \/>Model <strong data-start=\"235\" data-end=\"253\">Varda in Ebony<\/strong> is a limited edition - only <strong data-start=\"285\" data-end=\"304\">500 copies<\/strong> - In which classic form meets avant-garde spirit. These oval titanium frames with exceptionally refined details are an expression of intellectual elegance and sensual precision, created for those who see eyewear not only as a function but also as a style philosophy.<\/p>\n<p data-start=\"575\" data-end=\"596\"><strong data-start=\"575\" data-end=\"594\">Detail and design<\/strong><\/p>\n<ul data-start=\"597\" data-end=\"1159\">\n<li data-start=\"597\" data-end=\"676\">\n<p data-start=\"599\" data-end=\"676\">Construction: Titanium-finished frame <strong data-start=\"640\" data-end=\"653\">Moon Gold<\/strong> (100% beta titanium)<\/p>\n<\/li>\n<li data-start=\"677\" data-end=\"760\">\n<p data-start=\"679\" data-end=\"760\">Inlays: 8 mm rings around lenses in black acetate <em data-start=\"748\" data-end=\"758\">Burlwood<\/em><\/p>\n<\/li>\n<li data-start=\"761\" data-end=\"852\">\n<p data-start=\"763\" data-end=\"852\">Bridge: double, gated (<em data-start=\"791\" data-end=\"812\">gated double-bridge<\/em>) - light, architectural, unique<\/p>\n<\/li>\n<li data-start=\"853\" data-end=\"977\">\n<p data-start=\"855\" data-end=\"977\">Eyebrows: finely engraved in type detail <em data-start=\"903\" data-end=\"913\">hairline<\/em>, finished with hand-painted epoxy resin accents<\/p>\n<\/li>\n<li data-start=\"978\" data-end=\"1061\">\n<p data-start=\"980\" data-end=\"1061\">Lenses: violet, with full UV protection, adding an artistic touch to the model<\/p>\n<\/li>\n<li data-start=\"1062\" data-end=\"1159\">\n<p data-start=\"1064\" data-end=\"1159\">Limited edition: <strong data-start=\"1083\" data-end=\"1096\">500 pieces<\/strong> - each piece is the result of the handiwork of master craftsmen<\/p>\n<\/li>\n<\/ul>","protected":false},"featured_media":1844,"template":"","meta":{"_acf_changed":false},"product_brand":[82],"product_cat":[32,37,30,35],"product_tag":[178],"model":[],"class_list":{"0":"post-1177","1":"product","2":"type-product","3":"status-publish","4":"has-post-thumbnail","6":"product_brand-jacques-marie-mage","7":"product_cat-damskie","8":"product_cat-meskie","9":"product_cat-okulary-przeciwsloneczne","10":"product_cat-unisex","11":"product_tag-jmmvd14u","13":"first","14":"instock","15":"shipping-taxable","16":"purchasable","17":"product-type-simple"},"acf":[],"aioseo_notices":[],"_links":{"self":[{"href":"https:\/\/dukeeyewear.co.uk\/en\/wp-json\/wp\/v2\/product\/1177","targetHints":{"allow":["GET"]}}],"collection":[{"href":"https:\/\/dukeeyewear.co.uk\/en\/wp-json\/wp\/v2\/product"}],"about":[{"href":"https:\/\/dukeeyewear.co.uk\/en\/wp-json\/wp\/v2\/types\/product"}],"version-history":[{"count":1,"href":"https:\/\/dukeeyewear.co.uk\/en\/wp-json\/wp\/v2\/product\/1177\/revisions"}],"predecessor-version":[{"id":4507,"href":"https:\/\/dukeeyewear.co.uk\/en\/wp-json\/wp\/v2\/product\/1177\/revisions\/4507"}],"wp:featuredmedia":[{"embeddable":true,"href":"https:\/\/dukeeyewear.co.uk\/en\/wp-json\/wp\/v2\/media\/1844"}],"wp:attachment":[{"href":"https:\/\/dukeeyewear.co.uk\/en\/wp-json\/wp\/v2\/media?parent=1177"}],"wp:term":[{"taxonomy":"product_brand","embeddable":true,"href":"https:\/\/dukeeyewear.co.uk\/en\/wp-json\/wp\/v2\/product_brand?post=1177"},{"taxonomy":"product_cat","embeddable":true,"href":"https:\/\/dukeeyewear.co.uk\/en\/wp-json\/wp\/v2\/product_cat?post=1177"},{"taxonomy":"product_tag","embeddable":true,"href":"https:\/\/dukeeyewear.co.uk\/en\/wp-json\/wp\/v2\/product_tag?post=1177"},{"taxonomy":"model","embeddable":true,"href":"https:\/\/dukeeyewear.co.uk\/en\/wp-json\/wp\/v2\/model?post=1177"}],"curies":[{"name":"wp","href":"https:\/\/api.w.org\/{rel}","templated":true}]}}