{"id":1162,"date":"2025-09-15T18:21:51","date_gmt":"2025-09-15T16:21:51","guid":{"rendered":"https:\/\/duke2.unixstorm.eu\/produkt\/jacques-marie-mage-ugo-gold\/"},"modified":"2026-03-05T18:46:55","modified_gmt":"2026-03-05T17:46:55","slug":"jacques-marie-mage-ugo-gold","status":"publish","type":"product","link":"https:\/\/dukeeyewear.co.uk\/en\/product\/jacques-marie-mage-ugo-gold\/","title":{"rendered":"Jacques Marie Mage UGO | GOLD"},"content":{"rendered":"<p><strong data-start=\"1120\" data-end=\"1133\">For whom?<\/strong><br data-start=\"1133\" data-end=\"1136\" \/><strong data-start=\"1136\" data-end=\"1170\">Jacques Marie Mage Ugo in Gold<\/strong> to oprawa dla os\u00f3b, kt\u00f3re ceni\u0105 perfekcyjne proporcje, subtelny luksus i wyrafinowany detal.<\/p>\n<p>Dla indywidualist\u00f3w, kt\u00f3rzy nie potrzebuj\u0105 krzycze\u0107, by przyci\u0105ga\u0107 uwag\u0119 \u2013 ich styl m\u00f3wi sam za siebie.<\/p>","protected":false},"excerpt":{"rendered":"<h3 data-start=\"162\" data-end=\"204\">Jacques Marie Mage - <strong data-start=\"187\" data-end=\"202\">Ugo in Gold<\/strong><\/h3>\n<p data-start=\"206\" data-end=\"553\"><strong data-start=\"206\" data-end=\"259\">Geometric elegance with artistic flair<\/strong><br data-start=\"259\" data-end=\"262\" \/>Model <strong data-start=\"268\" data-end=\"283\">Ugo in Gold<\/strong> is a unique luminaire from the collection <strong data-start=\"315\" data-end=\"334\">Titanium Series<\/strong>, Inspired by the aesthetics of the 1990s, the limited edition <strong data-start=\"383\" data-end=\"402\">500 copies<\/strong> combines the precision of Japanese craftsmanship with bold design - a sophisticated tribute to individualism in which classic meets modern form.<\/p>\n<p data-start=\"555\" data-end=\"576\"><strong data-start=\"555\" data-end=\"574\">Detail and design<\/strong><\/p>\n<ul data-start=\"577\" data-end=\"1118\">\n<li data-start=\"577\" data-end=\"648\">\n<p data-start=\"579\" data-end=\"648\">Shape: geometric, hexagonal - distinctive and elegant at the same time<\/p>\n<\/li>\n<li data-start=\"649\" data-end=\"728\">\n<p data-start=\"651\" data-end=\"728\">Material: ultralight, 100% grade titanium <em data-start=\"692\" data-end=\"707\">beta titanium<\/em> in colour <strong data-start=\"718\" data-end=\"726\">Gold<\/strong><\/p>\n<\/li>\n<li data-start=\"729\" data-end=\"838\">\n<p data-start=\"731\" data-end=\"838\">Details: finely engraved surfaces with effect <em data-start=\"786\" data-end=\"796\">hairline<\/em>, giving depth and sophistication to the setting<\/p>\n<\/li>\n<li data-start=\"839\" data-end=\"929\">\n<p data-start=\"841\" data-end=\"929\">Ear tips: finished with hand-laminated acetate tips of matching shade<\/p>\n<\/li>\n<li data-start=\"930\" data-end=\"1029\">\n<p data-start=\"932\" data-end=\"1029\">Style: inspired by the 1990s - elegance with a futuristic twist, with architectural lightness<\/p>\n<\/li>\n<li data-start=\"1030\" data-end=\"1118\">\n<p data-start=\"1032\" data-end=\"1118\">Limited edition: <strong data-start=\"1051\" data-end=\"1064\">500 pieces<\/strong>, each pair numbered and handmade in Japan<\/p>\n<\/li>\n<\/ul>","protected":false},"featured_media":1160,"template":"","meta":{"_acf_changed":false},"product_brand":[82],"product_cat":[32,37,30,35],"product_tag":[167],"model":[],"class_list":{"0":"post-1162","1":"product","2":"type-product","3":"status-publish","4":"has-post-thumbnail","6":"product_brand-jacques-marie-mage","7":"product_cat-damskie","8":"product_cat-meskie","9":"product_cat-okulary-przeciwsloneczne","10":"product_cat-unisex","11":"product_tag-jmmug40","13":"first","14":"instock","15":"shipping-taxable","16":"purchasable","17":"product-type-simple"},"acf":[],"aioseo_notices":[],"_links":{"self":[{"href":"https:\/\/dukeeyewear.co.uk\/en\/wp-json\/wp\/v2\/product\/1162","targetHints":{"allow":["GET"]}}],"collection":[{"href":"https:\/\/dukeeyewear.co.uk\/en\/wp-json\/wp\/v2\/product"}],"about":[{"href":"https:\/\/dukeeyewear.co.uk\/en\/wp-json\/wp\/v2\/types\/product"}],"version-history":[{"count":1,"href":"https:\/\/dukeeyewear.co.uk\/en\/wp-json\/wp\/v2\/product\/1162\/revisions"}],"predecessor-version":[{"id":4504,"href":"https:\/\/dukeeyewear.co.uk\/en\/wp-json\/wp\/v2\/product\/1162\/revisions\/4504"}],"wp:featuredmedia":[{"embeddable":true,"href":"https:\/\/dukeeyewear.co.uk\/en\/wp-json\/wp\/v2\/media\/1160"}],"wp:attachment":[{"href":"https:\/\/dukeeyewear.co.uk\/en\/wp-json\/wp\/v2\/media?parent=1162"}],"wp:term":[{"taxonomy":"product_brand","embeddable":true,"href":"https:\/\/dukeeyewear.co.uk\/en\/wp-json\/wp\/v2\/product_brand?post=1162"},{"taxonomy":"product_cat","embeddable":true,"href":"https:\/\/dukeeyewear.co.uk\/en\/wp-json\/wp\/v2\/product_cat?post=1162"},{"taxonomy":"product_tag","embeddable":true,"href":"https:\/\/dukeeyewear.co.uk\/en\/wp-json\/wp\/v2\/product_tag?post=1162"},{"taxonomy":"model","embeddable":true,"href":"https:\/\/dukeeyewear.co.uk\/en\/wp-json\/wp\/v2\/model?post=1162"}],"curies":[{"name":"wp","href":"https:\/\/api.w.org\/{rel}","templated":true}]}}