{"id":1114,"date":"2025-09-15T18:03:41","date_gmt":"2025-09-15T16:03:41","guid":{"rendered":"https:\/\/duke2.unixstorm.eu\/produkt\/jacques-marie-mage-octavian-noir\/"},"modified":"2026-03-05T18:46:55","modified_gmt":"2026-03-05T17:46:55","slug":"jacques-marie-mage-octavian-noir","status":"publish","type":"product","link":"https:\/\/dukeeyewear.co.uk\/en\/product\/jacques-marie-mage-octavian-noir\/","title":{"rendered":"Jacques Marie Mage OCTAVIAN | NOIR"},"content":{"rendered":"<p><strong data-start=\"1410\" data-end=\"1423\">For whom?<\/strong><br data-start=\"1423\" data-end=\"1426\" \/><strong data-start=\"1426\" data-end=\"1462\">Jacques Marie Mage Octavian Noir<\/strong> to okulary dla os\u00f3b, kt\u00f3re wiedz\u0105, czym jest autorytet.<\/p>\n<p>Dla lider\u00f3w, wizjoner\u00f3w i estet\u00f3w \u2013 \u0142\u0105cz\u0105cych si\u0142\u0119 charakteru z bezkompromisowym wyczuciem stylu.<\/p>","protected":false},"excerpt":{"rendered":"<h3 data-start=\"192\" data-end=\"236\">Jacques Marie Mage - <strong data-start=\"217\" data-end=\"234\">Octavian Noir<\/strong><\/h3>\n<p data-start=\"238\" data-end=\"658\"><strong data-start=\"238\" data-end=\"272\">Authority. Strength. Emperor's style.<\/strong><br data-start=\"272\" data-end=\"275\" \/>Model <strong data-start=\"281\" data-end=\"298\">Octavian Noir<\/strong> is a unique, limited edition sunglasses inspired by majesty and the certainty of power. Designed for those who lead with class and whose gaze leaves no doubt. Handcrafted in Japan in an edition of <strong data-start=\"542\" data-end=\"561\">300 copies<\/strong>, combine the power of form with refined detail - a setting worthy of true leaders.<\/p>\n<p data-start=\"660\" data-end=\"681\"><strong data-start=\"660\" data-end=\"679\">Detail and design<\/strong><\/p>\n<ul data-start=\"682\" data-end=\"1408\">\n<li data-start=\"682\" data-end=\"750\">\n<p data-start=\"684\" data-end=\"750\">Shape: classic <em data-start=\"703\" data-end=\"712\">aviator<\/em> in a modern, sculptural design<\/p>\n<\/li>\n<li data-start=\"751\" data-end=\"838\">\n<p data-start=\"753\" data-end=\"838\">Frame: black, 10 mm cellulose acetate with double-laminated temples<\/p>\n<\/li>\n<li data-start=\"839\" data-end=\"975\">\n<p data-start=\"841\" data-end=\"975\">Details: silver top bar, concealed metal core with engraving <em data-start=\"899\" data-end=\"909\">hairline<\/em>, silver 7-barrel hinge with tension for perfect stability<\/p>\n<\/li>\n<li data-start=\"976\" data-end=\"1081\">\n<p data-start=\"978\" data-end=\"1081\">Lenses: <strong data-start=\"988\" data-end=\"1009\">Jet Gradient CR39<\/strong> - with anti-reflective coating on the inside and full UV protection<\/p>\n<\/li>\n<li data-start=\"1082\" data-end=\"1169\">\n<p data-start=\"1084\" data-end=\"1169\">Style: elegant, powerful and confident - a combination of classic with a modern edge<\/p>\n<\/li>\n<li data-start=\"1170\" data-end=\"1338\">\n<p data-start=\"1172\" data-end=\"1182\">Dimensions:<\/p>\n<ul data-start=\"1185\" data-end=\"1338\">\n<li data-start=\"1185\" data-end=\"1214\">\n<p data-start=\"1187\" data-end=\"1214\">Lens width: 54 mm<\/p>\n<\/li>\n<li data-start=\"1217\" data-end=\"1245\">\n<p data-start=\"1219\" data-end=\"1245\">Lens height: 48 mm<\/p>\n<\/li>\n<li data-start=\"1248\" data-end=\"1265\">\n<p data-start=\"1250\" data-end=\"1265\">Bridge: 17 mm<\/p>\n<\/li>\n<li data-start=\"1268\" data-end=\"1297\">\n<p data-start=\"1270\" data-end=\"1297\">Earpiece length: 142 mm<\/p>\n<\/li>\n<li data-start=\"1300\" data-end=\"1338\">\n<p data-start=\"1302\" data-end=\"1338\">Total binding width: 144 mm<\/p>\n<\/li>\n<\/ul>\n<\/li>\n<li data-start=\"1339\" data-end=\"1408\">\n<p data-start=\"1341\" data-end=\"1408\">Limited edition: <strong data-start=\"1360\" data-end=\"1373\">300 pieces<\/strong>, numbered collector's series<\/p>\n<\/li>\n<\/ul>","protected":false},"featured_media":1112,"template":"","meta":{"_acf_changed":false},"product_brand":[82],"product_cat":[37,30,35],"product_tag":[136],"model":[],"class_list":{"0":"post-1114","1":"product","2":"type-product","3":"status-publish","4":"has-post-thumbnail","6":"product_brand-jacques-marie-mage","7":"product_cat-meskie","8":"product_cat-okulary-przeciwsloneczne","9":"product_cat-unisex","10":"product_tag-jmmoc01","12":"first","13":"instock","14":"shipping-taxable","15":"purchasable","16":"product-type-simple"},"acf":[],"aioseo_notices":[],"_links":{"self":[{"href":"https:\/\/dukeeyewear.co.uk\/en\/wp-json\/wp\/v2\/product\/1114","targetHints":{"allow":["GET"]}}],"collection":[{"href":"https:\/\/dukeeyewear.co.uk\/en\/wp-json\/wp\/v2\/product"}],"about":[{"href":"https:\/\/dukeeyewear.co.uk\/en\/wp-json\/wp\/v2\/types\/product"}],"version-history":[{"count":1,"href":"https:\/\/dukeeyewear.co.uk\/en\/wp-json\/wp\/v2\/product\/1114\/revisions"}],"predecessor-version":[{"id":4496,"href":"https:\/\/dukeeyewear.co.uk\/en\/wp-json\/wp\/v2\/product\/1114\/revisions\/4496"}],"wp:featuredmedia":[{"embeddable":true,"href":"https:\/\/dukeeyewear.co.uk\/en\/wp-json\/wp\/v2\/media\/1112"}],"wp:attachment":[{"href":"https:\/\/dukeeyewear.co.uk\/en\/wp-json\/wp\/v2\/media?parent=1114"}],"wp:term":[{"taxonomy":"product_brand","embeddable":true,"href":"https:\/\/dukeeyewear.co.uk\/en\/wp-json\/wp\/v2\/product_brand?post=1114"},{"taxonomy":"product_cat","embeddable":true,"href":"https:\/\/dukeeyewear.co.uk\/en\/wp-json\/wp\/v2\/product_cat?post=1114"},{"taxonomy":"product_tag","embeddable":true,"href":"https:\/\/dukeeyewear.co.uk\/en\/wp-json\/wp\/v2\/product_tag?post=1114"},{"taxonomy":"model","embeddable":true,"href":"https:\/\/dukeeyewear.co.uk\/en\/wp-json\/wp\/v2\/model?post=1114"}],"curies":[{"name":"wp","href":"https:\/\/api.w.org\/{rel}","templated":true}]}}